{"id":3620,"date":"2016-05-09T21:25:30","date_gmt":"2016-05-09T19:25:30","guid":{"rendered":"http:\/\/www.acuarella.eu\/es\/?page_id=3620"},"modified":"2023-01-23T09:02:41","modified_gmt":"2023-01-23T08:02:41","slug":"adaptacion_acuarella","status":"publish","type":"page","link":"https:\/\/www.acuarella.eu\/es\/proyecto-educativo-de-acuarella\/adaptacion_acuarella\/","title":{"rendered":"Adaptaci\u00f3n"},"content":{"rendered":"<div class=\"wpb-content-wrapper\"><p>[vc_row full_width=\u00bbstretch_row\u00bb bg_style=\u00bbbg-effect-lg\u00bb css=\u00bb.vc_custom_1619685688936{padding-top: 55px !important;padding-bottom: 55px !important;background-color: #ec6f06 !important;}\u00bb][vc_column][vc_custom_heading text=\u00bbAdaptaci\u00f3n\u00bb font_container=\u00bbtag:h1|text_align:center|color:%23ffffff\u00bb use_theme_fonts=\u00bbyes\u00bb][\/vc_column][\/vc_row][vc_row full_width=\u00bbstretch_row\u00bb parallax=\u00bbcontent-moving\u00bb parallax_image=\u00bb4644&#8243; el_class=\u00bbrow-overlay\u00bb bg_style=\u00bbimg_parallax\u00bb overlay_row=\u00bbyes\u00bb css=\u00bb.vc_custom_1666008614022{padding-top: 55px !important;padding-bottom: 55px !important;background-color: rgba(255,255,255,0.7) !important;background-position: center;background-repeat: no-repeat !important;background-size: cover !important;*background-color: rgb(255,255,255) !important;}\u00bb overlay_color=\u00bb#ffffff\u00bb overlay_opacity=\u00bb0.8&#8243; bd_p_speed=\u00bb0.4&#8243;][vc_column width=\u00bb1\/2&#8243;][vc_custom_heading text=\u00bbAdaptaci\u00f3n a la nueva escuela\u00bb font_container=\u00bbtag:h2|text_align:center\u00bb use_theme_fonts=\u00bbyes\u00bb][vc_empty_space height=\u00bb10px\u00bb][vc_separator color=\u00bbcustom\u00bb align=\u00bbcenter\u00bb border_width=\u00bb4&#8243; custom_sparator_width=\u00bb155px\u00bb accent_color=\u00bb#ec6f06&#8243;][vc_empty_space height=\u00bb20px\u00bb][vc_column_text]<\/p>\n<p style=\"text-align: justify;\">Para un ni\u00f1o, ir a la escuela por primera vez supone un cambio muy importante. Sale de un lugar seguro, conocido y protegido, donde se relaciona exclusivamente con las personas con las que ha establecido los primeros v\u00ednculos, y a las cuales est\u00e1 aferrado. Para entrar en una situaci\u00f3n completamente desconocida donde todo es nuevo para \u00e9l, los espacios, olores, voces y caras completamente nuevas.<\/p>\n<p>[\/vc_column_text][vc_empty_space height=\u00bb20px\u00bb][vc_custom_heading text=\u00bbC\u00f3mo lo hacemos\u00bb font_container=\u00bbtag:h2|text_align:center\u00bb use_theme_fonts=\u00bbyes\u00bb][vc_empty_space height=\u00bb10px\u00bb][vc_separator color=\u00bbcustom\u00bb align=\u00bbcenter\u00bb border_width=\u00bb4&#8243; custom_sparator_width=\u00bb155px\u00bb accent_color=\u00bb#ec6f06&#8243;][vc_empty_space height=\u00bb20px\u00bb][vc_column_text]Es un proceso personalizado para cada ni\u00f1o y su familia. No imponemos reglas absolutas, en este proceso no existen las prisas ni las presiones. Lo m\u00e1s<strong> importante es el bienestar del ni\u00f1o<\/strong>, la tranquilidad y confianza por parte de los familiares.<\/p>\n<p style=\"text-align: justify;\">La<strong> adaptaci\u00f3n<\/strong>\u00a0la hacemos de forma <strong>progresiva,<\/strong> donde el tiempo de estancia en la guarder\u00eda durante los primeros d\u00edas lo marcar\u00e1 el ni\u00f1o o la ni\u00f1a y sus familiares.<\/p>\n<p>[\/vc_column_text][\/vc_column][vc_column width=\u00bb1\/2&#8243;][vc_empty_space height=\u00bb70px\u00bb][vc_single_image image=\u00bb4349&#8243; img_size=\u00bbfull\u00bb alignment=\u00bbright\u00bb style=\u00bbvc_box_shadow_3d\u00bb][\/vc_column][\/vc_row]<\/p>\n<\/div>","protected":false},"excerpt":{"rendered":"<p>[vc_row full_width=\u00bbstretch_row\u00bb bg_style=\u00bbbg-effect-lg\u00bb css=\u00bb.vc_custom_1619685688936{padding-top: 55px !important;padding-bottom: 55px !important;background-color: #ec6f06 !important;}\u00bb][vc_column][vc_custom_heading text=\u00bbAdaptaci\u00f3n\u00bb font_container=\u00bbtag:h1|text_align:center|color:%23ffffff\u00bb use_theme_fonts=\u00bbyes\u00bb][\/vc_column][\/vc_row][vc_row full_width=\u00bbstretch_row\u00bb parallax=\u00bbcontent-moving\u00bb parallax_image=\u00bb4644&#8243; el_class=\u00bbrow-overlay\u00bb bg_style=\u00bbimg_parallax\u00bb overlay_row=\u00bbyes\u00bb css=\u00bb.vc_custom_1666008614022{padding-top: 55px !important;padding-bottom: 55px !important;background-color: rgba(255,255,255,0.7) !important;background-position: center;background-repeat: no-repeat !important;background-size: cover !important;*background-color: rgb(255,255,255) !important;}\u00bb overlay_color=\u00bb#ffffff\u00bb overlay_opacity=\u00bb0.8&#8243; bd_p_speed=\u00bb0.4&#8243;][vc_column width=\u00bb1\/2&#8243;][vc_custom_heading text=\u00bbAdaptaci\u00f3n a la nueva escuela\u00bb font_container=\u00bbtag:h2|text_align:center\u00bb use_theme_fonts=\u00bbyes\u00bb][vc_empty_space height=\u00bb10px\u00bb][vc_separator color=\u00bbcustom\u00bb align=\u00bbcenter\u00bb border_width=\u00bb4&#8243; custom_sparator_width=\u00bb155px\u00bb accent_color=\u00bb#ec6f06&#8243;][vc_empty_space height=\u00bb20px\u00bb][vc_column_text] Para un ni\u00f1o, ir [&hellip;]<\/p>\n","protected":false},"author":3,"featured_media":0,"parent":3604,"menu_order":10,"comment_status":"closed","ping_status":"closed","template":"","meta":[],"yoast_head":"<!-- This site is optimized with the Yoast SEO plugin v20.2.1 - https:\/\/yoast.com\/wordpress\/plugins\/seo\/ -->\n<title>Adaptaci\u00f3n | Acuarella | el secreto de una buena adaptaci\u00f3n<\/title>\n<meta name=\"description\" content=\"La adaptaci\u00f3n en la escuela Acuarella la realizamos de forma progresiva de manera que el ni\u00f1o se sienta confortable\" \/>\n<meta name=\"robots\" content=\"index, follow, max-snippet:-1, max-image-preview:large, max-video-preview:-1\" \/>\n<link rel=\"canonical\" href=\"https:\/\/www.acuarella.eu\/es\/proyecto-educativo-de-acuarella\/adaptacion_acuarella\/\" \/>\n<meta property=\"og:locale\" content=\"es_ES\" \/>\n<meta property=\"og:type\" content=\"article\" \/>\n<meta property=\"og:title\" content=\"Adaptaci\u00f3n | Acuarella | el secreto de una buena adaptaci\u00f3n\" \/>\n<meta property=\"og:description\" content=\"La adaptaci\u00f3n en la escuela Acuarella la realizamos de forma progresiva de manera que el ni\u00f1o se sienta confortable\" \/>\n<meta property=\"og:url\" content=\"https:\/\/www.acuarella.eu\/es\/proyecto-educativo-de-acuarella\/adaptacion_acuarella\/\" \/>\n<meta property=\"og:site_name\" content=\"Acuarella\" \/>\n<meta property=\"article:publisher\" content=\"https:\/\/www.facebook.com\/acuarellainfants\/\" \/>\n<meta property=\"article:modified_time\" content=\"2023-01-23T08:02:41+00:00\" \/>\n<meta name=\"twitter:card\" content=\"summary_large_image\" \/>\n<meta name=\"twitter:site\" content=\"@AcuarellaLLI\" \/>\n<meta name=\"twitter:label1\" content=\"Tiempo de lectura\" \/>\n\t<meta name=\"twitter:data1\" content=\"2 minutos\" \/>\n<script type=\"application\/ld+json\" class=\"yoast-schema-graph\">{\"@context\":\"https:\/\/schema.org\",\"@graph\":[{\"@type\":\"WebPage\",\"@id\":\"https:\/\/www.acuarella.eu\/es\/proyecto-educativo-de-acuarella\/adaptacion_acuarella\/\",\"url\":\"https:\/\/www.acuarella.eu\/es\/proyecto-educativo-de-acuarella\/adaptacion_acuarella\/\",\"name\":\"Adaptaci\u00f3n | Acuarella | el secreto de una buena adaptaci\u00f3n\",\"isPartOf\":{\"@id\":\"https:\/\/www.acuarella.eu\/es\/#website\"},\"datePublished\":\"2016-05-09T19:25:30+00:00\",\"dateModified\":\"2023-01-23T08:02:41+00:00\",\"description\":\"La adaptaci\u00f3n en la escuela Acuarella la realizamos de forma progresiva de manera que el ni\u00f1o se sienta confortable\",\"breadcrumb\":{\"@id\":\"https:\/\/www.acuarella.eu\/es\/proyecto-educativo-de-acuarella\/adaptacion_acuarella\/#breadcrumb\"},\"inLanguage\":\"es\",\"potentialAction\":[{\"@type\":\"ReadAction\",\"target\":[\"https:\/\/www.acuarella.eu\/es\/proyecto-educativo-de-acuarella\/adaptacion_acuarella\/\"]}]},{\"@type\":\"BreadcrumbList\",\"@id\":\"https:\/\/www.acuarella.eu\/es\/proyecto-educativo-de-acuarella\/adaptacion_acuarella\/#breadcrumb\",\"itemListElement\":[{\"@type\":\"ListItem\",\"position\":1,\"name\":\"Portada\",\"item\":\"https:\/\/www.acuarella.eu\/es\/\"},{\"@type\":\"ListItem\",\"position\":2,\"name\":\"Proyecto\",\"item\":\"https:\/\/www.acuarella.eu\/es\/proyecto-educativo-de-acuarella\/\"},{\"@type\":\"ListItem\",\"position\":3,\"name\":\"Adaptaci\u00f3n\"}]},{\"@type\":\"WebSite\",\"@id\":\"https:\/\/www.acuarella.eu\/es\/#website\",\"url\":\"https:\/\/www.acuarella.eu\/es\/\",\"name\":\"Llars d'infants Acuarella\",\"description\":\"Escuela infantil en Barcelona\",\"publisher\":{\"@id\":\"https:\/\/www.acuarella.eu\/es\/#organization\"},\"potentialAction\":[{\"@type\":\"SearchAction\",\"target\":{\"@type\":\"EntryPoint\",\"urlTemplate\":\"https:\/\/www.acuarella.eu\/es\/?s={search_term_string}\"},\"query-input\":\"required name=search_term_string\"}],\"inLanguage\":\"es\"},{\"@type\":\"Organization\",\"@id\":\"https:\/\/www.acuarella.eu\/es\/#organization\",\"name\":\"Acuarella\",\"url\":\"https:\/\/www.acuarella.eu\/es\/\",\"logo\":{\"@type\":\"ImageObject\",\"inLanguage\":\"es\",\"@id\":\"https:\/\/www.acuarella.eu\/es\/#\/schema\/logo\/image\/\",\"url\":\"https:\/\/www.acuarella.eu\/wp-content\/uploads\/revslider\/Navidad2018\/logo_500px.png\",\"contentUrl\":\"https:\/\/www.acuarella.eu\/wp-content\/uploads\/revslider\/Navidad2018\/logo_500px.png\",\"width\":500,\"height\":207,\"caption\":\"Acuarella\"},\"image\":{\"@id\":\"https:\/\/www.acuarella.eu\/es\/#\/schema\/logo\/image\/\"},\"sameAs\":[\"https:\/\/www.facebook.com\/acuarellainfants\/\",\"https:\/\/twitter.com\/AcuarellaLLI\",\"https:\/\/www.instagram.com\/acuarella_llars\/\",\"https:\/\/www.linkedin.com\/company\/11481738\/admin\/\"]}]}<\/script>\n<!-- \/ Yoast SEO plugin. -->","yoast_head_json":{"title":"Adaptaci\u00f3n | Acuarella | el secreto de una buena adaptaci\u00f3n","description":"La adaptaci\u00f3n en la escuela Acuarella la realizamos de forma progresiva de manera que el ni\u00f1o se sienta confortable","robots":{"index":"index","follow":"follow","max-snippet":"max-snippet:-1","max-image-preview":"max-image-preview:large","max-video-preview":"max-video-preview:-1"},"canonical":"https:\/\/www.acuarella.eu\/es\/proyecto-educativo-de-acuarella\/adaptacion_acuarella\/","og_locale":"es_ES","og_type":"article","og_title":"Adaptaci\u00f3n | Acuarella | el secreto de una buena adaptaci\u00f3n","og_description":"La adaptaci\u00f3n en la escuela Acuarella la realizamos de forma progresiva de manera que el ni\u00f1o se sienta confortable","og_url":"https:\/\/www.acuarella.eu\/es\/proyecto-educativo-de-acuarella\/adaptacion_acuarella\/","og_site_name":"Acuarella","article_publisher":"https:\/\/www.facebook.com\/acuarellainfants\/","article_modified_time":"2023-01-23T08:02:41+00:00","twitter_card":"summary_large_image","twitter_site":"@AcuarellaLLI","twitter_misc":{"Tiempo de lectura":"2 minutos"},"schema":{"@context":"https:\/\/schema.org","@graph":[{"@type":"WebPage","@id":"https:\/\/www.acuarella.eu\/es\/proyecto-educativo-de-acuarella\/adaptacion_acuarella\/","url":"https:\/\/www.acuarella.eu\/es\/proyecto-educativo-de-acuarella\/adaptacion_acuarella\/","name":"Adaptaci\u00f3n | Acuarella | el secreto de una buena adaptaci\u00f3n","isPartOf":{"@id":"https:\/\/www.acuarella.eu\/es\/#website"},"datePublished":"2016-05-09T19:25:30+00:00","dateModified":"2023-01-23T08:02:41+00:00","description":"La adaptaci\u00f3n en la escuela Acuarella la realizamos de forma progresiva de manera que el ni\u00f1o se sienta confortable","breadcrumb":{"@id":"https:\/\/www.acuarella.eu\/es\/proyecto-educativo-de-acuarella\/adaptacion_acuarella\/#breadcrumb"},"inLanguage":"es","potentialAction":[{"@type":"ReadAction","target":["https:\/\/www.acuarella.eu\/es\/proyecto-educativo-de-acuarella\/adaptacion_acuarella\/"]}]},{"@type":"BreadcrumbList","@id":"https:\/\/www.acuarella.eu\/es\/proyecto-educativo-de-acuarella\/adaptacion_acuarella\/#breadcrumb","itemListElement":[{"@type":"ListItem","position":1,"name":"Portada","item":"https:\/\/www.acuarella.eu\/es\/"},{"@type":"ListItem","position":2,"name":"Proyecto","item":"https:\/\/www.acuarella.eu\/es\/proyecto-educativo-de-acuarella\/"},{"@type":"ListItem","position":3,"name":"Adaptaci\u00f3n"}]},{"@type":"WebSite","@id":"https:\/\/www.acuarella.eu\/es\/#website","url":"https:\/\/www.acuarella.eu\/es\/","name":"Llars d'infants Acuarella","description":"Escuela infantil en Barcelona","publisher":{"@id":"https:\/\/www.acuarella.eu\/es\/#organization"},"potentialAction":[{"@type":"SearchAction","target":{"@type":"EntryPoint","urlTemplate":"https:\/\/www.acuarella.eu\/es\/?s={search_term_string}"},"query-input":"required name=search_term_string"}],"inLanguage":"es"},{"@type":"Organization","@id":"https:\/\/www.acuarella.eu\/es\/#organization","name":"Acuarella","url":"https:\/\/www.acuarella.eu\/es\/","logo":{"@type":"ImageObject","inLanguage":"es","@id":"https:\/\/www.acuarella.eu\/es\/#\/schema\/logo\/image\/","url":"https:\/\/www.acuarella.eu\/wp-content\/uploads\/revslider\/Navidad2018\/logo_500px.png","contentUrl":"https:\/\/www.acuarella.eu\/wp-content\/uploads\/revslider\/Navidad2018\/logo_500px.png","width":500,"height":207,"caption":"Acuarella"},"image":{"@id":"https:\/\/www.acuarella.eu\/es\/#\/schema\/logo\/image\/"},"sameAs":["https:\/\/www.facebook.com\/acuarellainfants\/","https:\/\/twitter.com\/AcuarellaLLI","https:\/\/www.instagram.com\/acuarella_llars\/","https:\/\/www.linkedin.com\/company\/11481738\/admin\/"]}]}},"_links":{"self":[{"href":"https:\/\/www.acuarella.eu\/es\/wp-json\/wp\/v2\/pages\/3620"}],"collection":[{"href":"https:\/\/www.acuarella.eu\/es\/wp-json\/wp\/v2\/pages"}],"about":[{"href":"https:\/\/www.acuarella.eu\/es\/wp-json\/wp\/v2\/types\/page"}],"author":[{"embeddable":true,"href":"https:\/\/www.acuarella.eu\/es\/wp-json\/wp\/v2\/users\/3"}],"replies":[{"embeddable":true,"href":"https:\/\/www.acuarella.eu\/es\/wp-json\/wp\/v2\/comments?post=3620"}],"version-history":[{"count":5,"href":"https:\/\/www.acuarella.eu\/es\/wp-json\/wp\/v2\/pages\/3620\/revisions"}],"predecessor-version":[{"id":9124,"href":"https:\/\/www.acuarella.eu\/es\/wp-json\/wp\/v2\/pages\/3620\/revisions\/9124"}],"up":[{"embeddable":true,"href":"https:\/\/www.acuarella.eu\/es\/wp-json\/wp\/v2\/pages\/3604"}],"wp:attachment":[{"href":"https:\/\/www.acuarella.eu\/es\/wp-json\/wp\/v2\/media?parent=3620"}],"curies":[{"name":"wp","href":"https:\/\/api.w.org\/{rel}","templated":true}]}}