{"id":3622,"date":"2016-05-09T21:30:01","date_gmt":"2016-05-09T19:30:01","guid":{"rendered":"http:\/\/www.acuarella.eu\/es\/?page_id=3622"},"modified":"2023-01-23T08:34:27","modified_gmt":"2023-01-23T07:34:27","slug":"los-objetivos-escuelitas-acuarella","status":"publish","type":"page","link":"https:\/\/www.acuarella.eu\/es\/proyecto-educativo-de-acuarella\/los-objetivos-escuelitas-acuarella\/","title":{"rendered":"Objetivos"},"content":{"rendered":"<div class=\"wpb-content-wrapper\"><p>[vc_row][vc_column][vc_column_text][\/vc_column_text][\/vc_column][\/vc_row][vc_row full_width=\u00bbstretch_row\u00bb bg_style=\u00bbbg-effect-lg\u00bb css=\u00bb.vc_custom_1622315339919{padding-top: 55px !important;padding-bottom: 55px !important;background-color: #f7a501 !important;}\u00bb][vc_column][vc_custom_heading text=\u00bbNuestros objetivos\u00bb font_container=\u00bbtag:h1|text_align:center|color:%23ffffff\u00bb use_theme_fonts=\u00bbyes\u00bb link=\u00bburl:https%3A%2F%2Fwww.acuarella.eu%2Fes%2Fproyecto%2F|title:Proyecto||\u00bb][\/vc_column][\/vc_row][vc_row full_width=\u00bbstretch_row\u00bb parallax=\u00bbcontent-moving\u00bb parallax_image=\u00bb4647&#8243; el_class=\u00bbrow-overlay\u00bb bg_style=\u00bbimg_parallax\u00bb overlay_row=\u00bbyes\u00bb css=\u00bb.vc_custom_1622315406972{padding-top: 55px !important;padding-bottom: 90px !important;background-color: rgba(255,255,255,0.7) !important;background-position: center;background-repeat: no-repeat !important;background-size: cover !important;*background-color: rgb(255,255,255) !important;}\u00bb overlay_color=\u00bb#ffffff\u00bb overlay_opacity=\u00bb0.8&#8243; bd_p_speed=\u00bb0.5&#8243;][vc_column width=\u00bb1\/3&#8243; font_color=\u00bb#000000&#8243;][cms_fancybox icon1=\u00bbfa fa-check\u00bb title1=\u00bbFavorecer\u00bb cms_title_size=\u00bbh3&#8243; cms_fancybox_icon_color=\u00bb#1b5036&#8243; cms_fancybox_boder_color=\u00bb#ffffff\u00bb cms_fancybox_bg_color=\u00bb#ffffff\u00bb cms_fancybox_title_color=\u00bb#1b5036&#8243; cms_fancybox_content_color=\u00bb#000000&#8243; cms_template=\u00bbcms_fancybox&#8211;layout-3.php\u00bb description1=\u00bbFavorecer el desarrollo integral del ni\u00f1o, potenciando al m\u00e1ximo sus posibilidades en los pilares de la fantas\u00eda e imaginaci\u00f3n.\u00bb][vc_empty_space height=\u00bb40px\u00bb][cms_fancybox icon1=\u00bbfa fa-check\u00bb title1=\u00bbPosibilitar\u00bb cms_title_size=\u00bbh3&#8243; cms_fancybox_icon_color=\u00bb#1b5036&#8243; cms_fancybox_boder_color=\u00bb#ffffff\u00bb cms_fancybox_bg_color=\u00bb#ffffff\u00bb cms_fancybox_title_color=\u00bb#1b5036&#8243; cms_fancybox_content_color=\u00bb#000000&#8243; cms_template=\u00bbcms_fancybox&#8211;layout-3.php\u00bb description1=\u00bbPosibilitar el encuentro con los otros ni\u00f1os y las relaciones sociales.\u00bb][\/vc_column][vc_column width=\u00bb1\/3&#8243;][cms_fancybox icon1=\u00bbfa fa-check\u00bb title1=\u00bbCompartir\u00bb cms_title_size=\u00bbh3&#8243; cms_fancybox_icon_color=\u00bb#1b5036&#8243; cms_fancybox_boder_color=\u00bb#ffffff\u00bb cms_fancybox_bg_color=\u00bb#ffffff\u00bb cms_fancybox_title_color=\u00bb#1b5036&#8243; cms_fancybox_content_color=\u00bb#000000&#8243; cms_template=\u00bbcms_fancybox&#8211;layout-3.php\u00bb description1=\u00bbCompartir y completar la educaci\u00f3n con la familia.\u00bb][vc_empty_space height=\u00bb92px\u00bb][cms_fancybox icon1=\u00bbfa fa-check\u00bb title1=\u00bbConseguir\u00bb cms_title_size=\u00bbh3&#8243; cms_fancybox_icon_color=\u00bb#1b5036&#8243; cms_fancybox_boder_color=\u00bb#ffffff\u00bb cms_fancybox_bg_color=\u00bb#ffffff\u00bb cms_fancybox_title_color=\u00bb#1b5036&#8243; cms_fancybox_content_color=\u00bb#000000&#8243; cms_template=\u00bbcms_fancybox&#8211;layout-3.php\u00bb description1=\u00bbConseguir h\u00e1bitos de autonom\u00eda, salud, orden y convivencia.\u00bb][\/vc_column][vc_column width=\u00bb1\/3&#8243;][cms_fancybox title1=\u00bbInmersi\u00f3n\u00bb cms_title_size=\u00bbh3&#8243; cms_fancybox_icon_color=\u00bb#1b5036&#8243; cms_fancybox_boder_color=\u00bb#ffffff\u00bb cms_fancybox_bg_color=\u00bb#ffffff\u00bb cms_fancybox_title_color=\u00bb#1b5036&#8243; cms_fancybox_content_color=\u00bb#000000&#8243; cms_template=\u00bbcms_fancybox&#8211;layout-3.php\u00bb description1=\u00bbLa inmersi\u00f3n ling\u00fc\u00edstica en ingl\u00e9s tiene mucha presencia en nuestro proyecto. Lo trabajamos diariamente y con educadoras que solo se dirigen a los ni\u00f1os en ingl\u00e9s.\u00bb][vc_empty_space height=\u00bb66px\u00bb][cms_fancybox icon1=\u00bbfa fa-check\u00bb title1=\u00bbTrabajar\u00bb cms_title_size=\u00bbh3&#8243; cms_fancybox_icon_color=\u00bb#1b5036&#8243; cms_fancybox_boder_color=\u00bb#ffffff\u00bb cms_fancybox_bg_color=\u00bb#ffffff\u00bb cms_fancybox_title_color=\u00bb#1b5036&#8243; cms_fancybox_content_color=\u00bb#000000&#8243; cms_template=\u00bbcms_fancybox&#8211;layout-3.php\u00bb description1=\u00bbTrabajar en las tres grandes \u00e1reas de la educaci\u00f3n infantil: descubierta de uno mismo, descubierta del entorno natural y social e intercomunicaci\u00f3n y lenguaje.\u00bb][\/vc_column][\/vc_row]<\/p>\n<\/div>","protected":false},"excerpt":{"rendered":"<p>[vc_row][vc_column][vc_column_text][\/vc_column_text][\/vc_column][\/vc_row][vc_row full_width=\u00bbstretch_row\u00bb bg_style=\u00bbbg-effect-lg\u00bb css=\u00bb.vc_custom_1622315339919{padding-top: 55px !important;padding-bottom: 55px !important;background-color: #f7a501 !important;}\u00bb][vc_column][vc_custom_heading text=\u00bbNuestros objetivos\u00bb font_container=\u00bbtag:h1|text_align:center|color:%23ffffff\u00bb use_theme_fonts=\u00bbyes\u00bb link=\u00bburl:https%3A%2F%2Fwww.acuarella.eu%2Fes%2Fproyecto%2F|title:Proyecto||\u00bb][\/vc_column][\/vc_row][vc_row full_width=\u00bbstretch_row\u00bb parallax=\u00bbcontent-moving\u00bb parallax_image=\u00bb4647&#8243; el_class=\u00bbrow-overlay\u00bb bg_style=\u00bbimg_parallax\u00bb overlay_row=\u00bbyes\u00bb css=\u00bb.vc_custom_1622315406972{padding-top: 55px !important;padding-bottom: 90px !important;background-color: rgba(255,255,255,0.7) !important;background-position: center;background-repeat: no-repeat !important;background-size: cover !important;*background-color: rgb(255,255,255) !important;}\u00bb overlay_color=\u00bb#ffffff\u00bb overlay_opacity=\u00bb0.8&#8243; bd_p_speed=\u00bb0.5&#8243;][vc_column width=\u00bb1\/3&#8243; font_color=\u00bb#000000&#8243;][cms_fancybox icon1=\u00bbfa fa-check\u00bb title1=\u00bbFavorecer\u00bb cms_title_size=\u00bbh3&#8243; cms_fancybox_icon_color=\u00bb#1b5036&#8243; cms_fancybox_boder_color=\u00bb#ffffff\u00bb cms_fancybox_bg_color=\u00bb#ffffff\u00bb cms_fancybox_title_color=\u00bb#1b5036&#8243; cms_fancybox_content_color=\u00bb#000000&#8243; cms_template=\u00bbcms_fancybox&#8211;layout-3.php\u00bb description1=\u00bbFavorecer el desarrollo integral del [&hellip;]<\/p>\n","protected":false},"author":3,"featured_media":0,"parent":3604,"menu_order":20,"comment_status":"closed","ping_status":"closed","template":"","meta":[],"yoast_head":"<!-- This site is optimized with the Yoast SEO plugin v20.2.1 - https:\/\/yoast.com\/wordpress\/plugins\/seo\/ -->\n<title>Objetivos | Acuarella | educaci\u00f3n infantil en Barcelona<\/title>\n<meta name=\"description\" content=\"Los objetivos de nuestra escuela de educaci\u00f3n infantil son, favorecer el desarollo, compartir la educaci\u00f3n con la familia, Ingl\u00e9s, el juego\" \/>\n<meta name=\"robots\" content=\"index, follow, max-snippet:-1, max-image-preview:large, max-video-preview:-1\" \/>\n<link rel=\"canonical\" href=\"https:\/\/www.acuarella.eu\/es\/proyecto-educativo-de-acuarella\/los-objetivos-escuelitas-acuarella\/\" \/>\n<meta property=\"og:locale\" content=\"es_ES\" \/>\n<meta property=\"og:type\" content=\"article\" \/>\n<meta property=\"og:title\" content=\"Objetivos | Acuarella | educaci\u00f3n infantil en Barcelona\" \/>\n<meta property=\"og:description\" content=\"Los objetivos de nuestra escuela de educaci\u00f3n infantil son, favorecer el desarollo, compartir la educaci\u00f3n con la familia, Ingl\u00e9s, el juego\" \/>\n<meta property=\"og:url\" content=\"https:\/\/www.acuarella.eu\/es\/proyecto-educativo-de-acuarella\/los-objetivos-escuelitas-acuarella\/\" \/>\n<meta property=\"og:site_name\" content=\"Acuarella\" \/>\n<meta property=\"article:publisher\" content=\"https:\/\/www.facebook.com\/acuarellainfants\/\" \/>\n<meta property=\"article:modified_time\" content=\"2023-01-23T07:34:27+00:00\" \/>\n<meta name=\"twitter:card\" content=\"summary_large_image\" \/>\n<meta name=\"twitter:site\" content=\"@AcuarellaLLI\" \/>\n<meta name=\"twitter:label1\" content=\"Tiempo de lectura\" \/>\n\t<meta name=\"twitter:data1\" content=\"3 minutos\" \/>\n<script type=\"application\/ld+json\" class=\"yoast-schema-graph\">{\"@context\":\"https:\/\/schema.org\",\"@graph\":[{\"@type\":\"WebPage\",\"@id\":\"https:\/\/www.acuarella.eu\/es\/proyecto-educativo-de-acuarella\/los-objetivos-escuelitas-acuarella\/\",\"url\":\"https:\/\/www.acuarella.eu\/es\/proyecto-educativo-de-acuarella\/los-objetivos-escuelitas-acuarella\/\",\"name\":\"Objetivos | Acuarella | educaci\u00f3n infantil en Barcelona\",\"isPartOf\":{\"@id\":\"https:\/\/www.acuarella.eu\/es\/#website\"},\"datePublished\":\"2016-05-09T19:30:01+00:00\",\"dateModified\":\"2023-01-23T07:34:27+00:00\",\"description\":\"Los objetivos de nuestra escuela de educaci\u00f3n infantil son, favorecer el desarollo, compartir la educaci\u00f3n con la familia, Ingl\u00e9s, el juego\",\"breadcrumb\":{\"@id\":\"https:\/\/www.acuarella.eu\/es\/proyecto-educativo-de-acuarella\/los-objetivos-escuelitas-acuarella\/#breadcrumb\"},\"inLanguage\":\"es\",\"potentialAction\":[{\"@type\":\"ReadAction\",\"target\":[\"https:\/\/www.acuarella.eu\/es\/proyecto-educativo-de-acuarella\/los-objetivos-escuelitas-acuarella\/\"]}]},{\"@type\":\"BreadcrumbList\",\"@id\":\"https:\/\/www.acuarella.eu\/es\/proyecto-educativo-de-acuarella\/los-objetivos-escuelitas-acuarella\/#breadcrumb\",\"itemListElement\":[{\"@type\":\"ListItem\",\"position\":1,\"name\":\"Portada\",\"item\":\"https:\/\/www.acuarella.eu\/es\/\"},{\"@type\":\"ListItem\",\"position\":2,\"name\":\"Proyecto\",\"item\":\"https:\/\/www.acuarella.eu\/es\/proyecto-educativo-de-acuarella\/\"},{\"@type\":\"ListItem\",\"position\":3,\"name\":\"Objetivos\"}]},{\"@type\":\"WebSite\",\"@id\":\"https:\/\/www.acuarella.eu\/es\/#website\",\"url\":\"https:\/\/www.acuarella.eu\/es\/\",\"name\":\"Llars d'infants Acuarella\",\"description\":\"Escuela infantil en Barcelona\",\"publisher\":{\"@id\":\"https:\/\/www.acuarella.eu\/es\/#organization\"},\"potentialAction\":[{\"@type\":\"SearchAction\",\"target\":{\"@type\":\"EntryPoint\",\"urlTemplate\":\"https:\/\/www.acuarella.eu\/es\/?s={search_term_string}\"},\"query-input\":\"required name=search_term_string\"}],\"inLanguage\":\"es\"},{\"@type\":\"Organization\",\"@id\":\"https:\/\/www.acuarella.eu\/es\/#organization\",\"name\":\"Acuarella\",\"url\":\"https:\/\/www.acuarella.eu\/es\/\",\"logo\":{\"@type\":\"ImageObject\",\"inLanguage\":\"es\",\"@id\":\"https:\/\/www.acuarella.eu\/es\/#\/schema\/logo\/image\/\",\"url\":\"https:\/\/www.acuarella.eu\/wp-content\/uploads\/revslider\/Navidad2018\/logo_500px.png\",\"contentUrl\":\"https:\/\/www.acuarella.eu\/wp-content\/uploads\/revslider\/Navidad2018\/logo_500px.png\",\"width\":500,\"height\":207,\"caption\":\"Acuarella\"},\"image\":{\"@id\":\"https:\/\/www.acuarella.eu\/es\/#\/schema\/logo\/image\/\"},\"sameAs\":[\"https:\/\/www.facebook.com\/acuarellainfants\/\",\"https:\/\/twitter.com\/AcuarellaLLI\",\"https:\/\/www.instagram.com\/acuarella_llars\/\",\"https:\/\/www.linkedin.com\/company\/11481738\/admin\/\"]}]}<\/script>\n<!-- \/ Yoast SEO plugin. -->","yoast_head_json":{"title":"Objetivos | Acuarella | educaci\u00f3n infantil en Barcelona","description":"Los objetivos de nuestra escuela de educaci\u00f3n infantil son, favorecer el desarollo, compartir la educaci\u00f3n con la familia, Ingl\u00e9s, el juego","robots":{"index":"index","follow":"follow","max-snippet":"max-snippet:-1","max-image-preview":"max-image-preview:large","max-video-preview":"max-video-preview:-1"},"canonical":"https:\/\/www.acuarella.eu\/es\/proyecto-educativo-de-acuarella\/los-objetivos-escuelitas-acuarella\/","og_locale":"es_ES","og_type":"article","og_title":"Objetivos | Acuarella | educaci\u00f3n infantil en Barcelona","og_description":"Los objetivos de nuestra escuela de educaci\u00f3n infantil son, favorecer el desarollo, compartir la educaci\u00f3n con la familia, Ingl\u00e9s, el juego","og_url":"https:\/\/www.acuarella.eu\/es\/proyecto-educativo-de-acuarella\/los-objetivos-escuelitas-acuarella\/","og_site_name":"Acuarella","article_publisher":"https:\/\/www.facebook.com\/acuarellainfants\/","article_modified_time":"2023-01-23T07:34:27+00:00","twitter_card":"summary_large_image","twitter_site":"@AcuarellaLLI","twitter_misc":{"Tiempo de lectura":"3 minutos"},"schema":{"@context":"https:\/\/schema.org","@graph":[{"@type":"WebPage","@id":"https:\/\/www.acuarella.eu\/es\/proyecto-educativo-de-acuarella\/los-objetivos-escuelitas-acuarella\/","url":"https:\/\/www.acuarella.eu\/es\/proyecto-educativo-de-acuarella\/los-objetivos-escuelitas-acuarella\/","name":"Objetivos | Acuarella | educaci\u00f3n infantil en Barcelona","isPartOf":{"@id":"https:\/\/www.acuarella.eu\/es\/#website"},"datePublished":"2016-05-09T19:30:01+00:00","dateModified":"2023-01-23T07:34:27+00:00","description":"Los objetivos de nuestra escuela de educaci\u00f3n infantil son, favorecer el desarollo, compartir la educaci\u00f3n con la familia, Ingl\u00e9s, el juego","breadcrumb":{"@id":"https:\/\/www.acuarella.eu\/es\/proyecto-educativo-de-acuarella\/los-objetivos-escuelitas-acuarella\/#breadcrumb"},"inLanguage":"es","potentialAction":[{"@type":"ReadAction","target":["https:\/\/www.acuarella.eu\/es\/proyecto-educativo-de-acuarella\/los-objetivos-escuelitas-acuarella\/"]}]},{"@type":"BreadcrumbList","@id":"https:\/\/www.acuarella.eu\/es\/proyecto-educativo-de-acuarella\/los-objetivos-escuelitas-acuarella\/#breadcrumb","itemListElement":[{"@type":"ListItem","position":1,"name":"Portada","item":"https:\/\/www.acuarella.eu\/es\/"},{"@type":"ListItem","position":2,"name":"Proyecto","item":"https:\/\/www.acuarella.eu\/es\/proyecto-educativo-de-acuarella\/"},{"@type":"ListItem","position":3,"name":"Objetivos"}]},{"@type":"WebSite","@id":"https:\/\/www.acuarella.eu\/es\/#website","url":"https:\/\/www.acuarella.eu\/es\/","name":"Llars d'infants Acuarella","description":"Escuela infantil en Barcelona","publisher":{"@id":"https:\/\/www.acuarella.eu\/es\/#organization"},"potentialAction":[{"@type":"SearchAction","target":{"@type":"EntryPoint","urlTemplate":"https:\/\/www.acuarella.eu\/es\/?s={search_term_string}"},"query-input":"required name=search_term_string"}],"inLanguage":"es"},{"@type":"Organization","@id":"https:\/\/www.acuarella.eu\/es\/#organization","name":"Acuarella","url":"https:\/\/www.acuarella.eu\/es\/","logo":{"@type":"ImageObject","inLanguage":"es","@id":"https:\/\/www.acuarella.eu\/es\/#\/schema\/logo\/image\/","url":"https:\/\/www.acuarella.eu\/wp-content\/uploads\/revslider\/Navidad2018\/logo_500px.png","contentUrl":"https:\/\/www.acuarella.eu\/wp-content\/uploads\/revslider\/Navidad2018\/logo_500px.png","width":500,"height":207,"caption":"Acuarella"},"image":{"@id":"https:\/\/www.acuarella.eu\/es\/#\/schema\/logo\/image\/"},"sameAs":["https:\/\/www.facebook.com\/acuarellainfants\/","https:\/\/twitter.com\/AcuarellaLLI","https:\/\/www.instagram.com\/acuarella_llars\/","https:\/\/www.linkedin.com\/company\/11481738\/admin\/"]}]}},"_links":{"self":[{"href":"https:\/\/www.acuarella.eu\/es\/wp-json\/wp\/v2\/pages\/3622"}],"collection":[{"href":"https:\/\/www.acuarella.eu\/es\/wp-json\/wp\/v2\/pages"}],"about":[{"href":"https:\/\/www.acuarella.eu\/es\/wp-json\/wp\/v2\/types\/page"}],"author":[{"embeddable":true,"href":"https:\/\/www.acuarella.eu\/es\/wp-json\/wp\/v2\/users\/3"}],"replies":[{"embeddable":true,"href":"https:\/\/www.acuarella.eu\/es\/wp-json\/wp\/v2\/comments?post=3622"}],"version-history":[{"count":1,"href":"https:\/\/www.acuarella.eu\/es\/wp-json\/wp\/v2\/pages\/3622\/revisions"}],"predecessor-version":[{"id":7987,"href":"https:\/\/www.acuarella.eu\/es\/wp-json\/wp\/v2\/pages\/3622\/revisions\/7987"}],"up":[{"embeddable":true,"href":"https:\/\/www.acuarella.eu\/es\/wp-json\/wp\/v2\/pages\/3604"}],"wp:attachment":[{"href":"https:\/\/www.acuarella.eu\/es\/wp-json\/wp\/v2\/media?parent=3622"}],"curies":[{"name":"wp","href":"https:\/\/api.w.org\/{rel}","templated":true}]}}