{"id":3624,"date":"2016-05-09T21:35:15","date_gmt":"2016-05-09T19:35:15","guid":{"rendered":"http:\/\/www.acuarella.eu\/es\/?page_id=3624"},"modified":"2023-05-14T20:09:26","modified_gmt":"2023-05-14T18:09:26","slug":"actividades","status":"publish","type":"page","link":"https:\/\/www.acuarella.eu\/es\/proyecto-educativo-de-acuarella\/actividades\/","title":{"rendered":"Actividades"},"content":{"rendered":"<div class=\"wpb-content-wrapper\"><p>[vc_row full_width=\u00bbstretch_row\u00bb bg_style=\u00bbbg-effect-lg\u00bb css=\u00bb.vc_custom_1637262815748{padding-top: 55px !important;padding-bottom: 55px !important;background-color: #ec6f06 !important;}\u00bb][vc_column][vc_custom_heading text=\u00bbActividades\u00bb font_container=\u00bbtag:h1|text_align:center|color:%23ffffff\u00bb use_theme_fonts=\u00bbyes\u00bb][\/vc_column][\/vc_row][vc_row full_width=\u00bbstretch_row\u00bb parallax=\u00bbcontent-moving\u00bb parallax_image=\u00bb4917&#8243; el_class=\u00bbrow-overlay\u00bb bg_style=\u00bbimg_parallax\u00bb overlay_row=\u00bbyes\u00bb css=\u00bb.vc_custom_1637262961838{padding-top: 55px !important;padding-bottom: 55px !important;background-color: rgba(255,255,255,0.7) !important;background-position: center;background-repeat: no-repeat !important;background-size: cover !important;*background-color: rgb(255,255,255) !important;}\u00bb bd_p_speed=\u00bb0.5&#8243; overlay_color=\u00bb#ffffff\u00bb overlay_opacity=\u00bb0.8&#8243;][vc_column font_color=\u00bb#000000&#8243;][cms_fancybox icon1=\u00bbfas fa-utensils\u00bb title1=\u00bbH\u00e1bitos y rutinas (alimentaci\u00f3n, higiene y sue\u00f1o)\u00bb cms_fancybox_boder_color=\u00bb#ec6f06&#8243; cms_fancybox_bg_color=\u00bb#ec6f06&#8243; cms_fancybox_title_color=\u00bb#575656&#8243; cms_fancybox_content_color=\u00bb#000000&#8243; description1=\u00bbEs la actividad educativa m\u00e1s importante de la vida cotidiana de la escuela, respetando el ritmo propio de cada ni\u00f1o y ni\u00f1a. \u00bfPor qu\u00e9 son tan importantes? Porque al repetirse de forma regular, posibilitan la adquisici\u00f3n de h\u00e1bitos, de autonom\u00eda y de integraci\u00f3n social, facilitando momentos para la estimulaci\u00f3n de la motricidad, el lenguaje, la afectividad y el desarrollo sensorial. Estos h\u00e1bitos i rutinas favorecen la relaci\u00f3n con el adulto, ya que estimula la comunicaci\u00f3n entre el ni\u00f1o\/a y la educadora a trav\u00e9s del gesto, la mirada y la voz.\u00bb cms_template=\u00bbcms_fancybox&#8211;layout-2.php\u00bb][vc_empty_space height=\u00bb40px\u00bb][cms_fancybox icon1=\u00bbfas fa-graduation-cap\u00bb title1=\u00bbDe aprendizaje\u00bb cms_fancybox_boder_color=\u00bb#ec6f06&#8243; cms_fancybox_bg_color=\u00bb#ec6f06&#8243; cms_fancybox_title_color=\u00bb#575656&#8243; cms_fancybox_content_color=\u00bb#000000&#8243; description1=\u00bbA partir de centros de inter\u00e9s que motivan y despiertan la curiosidad de los ni\u00f1os.\u00bb cms_template=\u00bbcms_fancybox&#8211;layout-2.php\u00bb][vc_empty_space height=\u00bb40px\u00bb][cms_fancybox icon1=\u00bbfas fa-bicycle\u00bb title1=\u00bbActividades espec\u00edficas\u00bb cms_fancybox_boder_color=\u00bb#ec6f06&#8243; cms_fancybox_bg_color=\u00bb#ec6f06&#8243; cms_fancybox_title_color=\u00bb#575656&#8243; cms_fancybox_content_color=\u00bb#000000&#8243; description1=\u00bbSensoriales, de atenci\u00f3n, memor\u00edsticas, psicomotrices\u2026\u00bb cms_template=\u00bbcms_fancybox&#8211;layout-2.php\u00bb heading_1=\u00bb\u00bb][vc_empty_space height=\u00bb40px\u00bb][cms_fancybox icon1=\u00bbfas fa-cube\u00bb title1=\u00bbRincones de juego simb\u00f3lico\u00bb cms_fancybox_boder_color=\u00bb#ec6f06&#8243; cms_fancybox_bg_color=\u00bb#ec6f06&#8243; cms_fancybox_title_color=\u00bb#575656&#8243; cms_fancybox_content_color=\u00bb#000000&#8243; description1=\u00bbOfrecen un grado de autonom\u00eda considerable. Diversificaci\u00f3n de las propuestas de juego, que a su vez permiten crear interacciones entre los ni\u00f1os.\u00bb cms_template=\u00bbcms_fancybox&#8211;layout-2.php\u00bb heading_1=\u00bb\u00bb][vc_empty_space height=\u00bb40px\u00bb][cms_fancybox icon1=\u00bbfas fa-puzzle-piece\u00bb title1=\u00bbEl taller\u00bb cms_fancybox_boder_color=\u00bb#ec6f06&#8243; cms_fancybox_bg_color=\u00bb#ec6f06&#8243; cms_fancybox_title_color=\u00bb#575656&#8243; cms_fancybox_content_color=\u00bb#000000&#8243; description1=\u00bbEs un espacio para la manipulaci\u00f3n y la experimentaci\u00f3n de diferentes materiales y a su vez un espacio para la creaci\u00f3n art\u00edstica y vivencia de sensaciones.\u00bb cms_template=\u00bbcms_fancybox&#8211;layout-2.php\u00bb heading_1=\u00bb\u00bb][\/vc_column][\/vc_row]<\/p>\n<\/div>","protected":false},"excerpt":{"rendered":"<p>[vc_row full_width=\u00bbstretch_row\u00bb bg_style=\u00bbbg-effect-lg\u00bb css=\u00bb.vc_custom_1637262815748{padding-top: 55px !important;padding-bottom: 55px !important;background-color: #ec6f06 !important;}\u00bb][vc_column][vc_custom_heading text=\u00bbActividades\u00bb font_container=\u00bbtag:h1|text_align:center|color:%23ffffff\u00bb use_theme_fonts=\u00bbyes\u00bb][\/vc_column][\/vc_row][vc_row full_width=\u00bbstretch_row\u00bb parallax=\u00bbcontent-moving\u00bb parallax_image=\u00bb4917&#8243; el_class=\u00bbrow-overlay\u00bb bg_style=\u00bbimg_parallax\u00bb overlay_row=\u00bbyes\u00bb css=\u00bb.vc_custom_1637262961838{padding-top: 55px !important;padding-bottom: 55px !important;background-color: rgba(255,255,255,0.7) !important;background-position: center;background-repeat: no-repeat !important;background-size: cover !important;*background-color: rgb(255,255,255) !important;}\u00bb bd_p_speed=\u00bb0.5&#8243; overlay_color=\u00bb#ffffff\u00bb overlay_opacity=\u00bb0.8&#8243;][vc_column font_color=\u00bb#000000&#8243;][cms_fancybox icon1=\u00bbfas fa-utensils\u00bb title1=\u00bbH\u00e1bitos y rutinas (alimentaci\u00f3n, higiene y sue\u00f1o)\u00bb cms_fancybox_boder_color=\u00bb#ec6f06&#8243; cms_fancybox_bg_color=\u00bb#ec6f06&#8243; cms_fancybox_title_color=\u00bb#575656&#8243; cms_fancybox_content_color=\u00bb#000000&#8243; description1=\u00bbEs la actividad educativa m\u00e1s [&hellip;]<\/p>\n","protected":false},"author":3,"featured_media":0,"parent":3604,"menu_order":30,"comment_status":"closed","ping_status":"closed","template":"","meta":[],"yoast_head":"<!-- This site is optimized with the Yoast SEO plugin v20.2.1 - https:\/\/yoast.com\/wordpress\/plugins\/seo\/ -->\n<title>Actividades | Acuarella | ecucaci\u00f3n infantil en Barcelona<\/title>\n<meta name=\"description\" content=\"Adem\u00e1s de cubrir las necesidades b\u00e1sicas, es la actividad educativa m\u00e1s importante de la vida cotidiana de la escuela,\" \/>\n<meta name=\"robots\" content=\"index, follow, max-snippet:-1, max-image-preview:large, max-video-preview:-1\" \/>\n<link rel=\"canonical\" href=\"https:\/\/www.acuarella.eu\/es\/proyecto-educativo-de-acuarella\/actividades\/\" \/>\n<meta property=\"og:locale\" content=\"es_ES\" \/>\n<meta property=\"og:type\" content=\"article\" \/>\n<meta property=\"og:title\" content=\"Actividades | Acuarella | ecucaci\u00f3n infantil en Barcelona\" \/>\n<meta property=\"og:description\" content=\"Adem\u00e1s de cubrir las necesidades b\u00e1sicas, es la actividad educativa m\u00e1s importante de la vida cotidiana de la escuela,\" \/>\n<meta property=\"og:url\" content=\"https:\/\/www.acuarella.eu\/es\/proyecto-educativo-de-acuarella\/actividades\/\" \/>\n<meta property=\"og:site_name\" content=\"Acuarella\" \/>\n<meta property=\"article:publisher\" content=\"https:\/\/www.facebook.com\/acuarellainfants\/\" \/>\n<meta property=\"article:modified_time\" content=\"2023-05-14T18:09:26+00:00\" \/>\n<meta name=\"twitter:card\" content=\"summary_large_image\" \/>\n<meta name=\"twitter:site\" content=\"@AcuarellaLLI\" \/>\n<meta name=\"twitter:label1\" content=\"Tiempo de lectura\" \/>\n\t<meta name=\"twitter:data1\" content=\"2 minutos\" \/>\n<script type=\"application\/ld+json\" class=\"yoast-schema-graph\">{\"@context\":\"https:\/\/schema.org\",\"@graph\":[{\"@type\":\"WebPage\",\"@id\":\"https:\/\/www.acuarella.eu\/es\/proyecto-educativo-de-acuarella\/actividades\/\",\"url\":\"https:\/\/www.acuarella.eu\/es\/proyecto-educativo-de-acuarella\/actividades\/\",\"name\":\"Actividades | Acuarella | ecucaci\u00f3n infantil en Barcelona\",\"isPartOf\":{\"@id\":\"https:\/\/www.acuarella.eu\/es\/#website\"},\"datePublished\":\"2016-05-09T19:35:15+00:00\",\"dateModified\":\"2023-05-14T18:09:26+00:00\",\"description\":\"Adem\u00e1s de cubrir las necesidades b\u00e1sicas, es la actividad educativa m\u00e1s importante de la vida cotidiana de la escuela,\",\"breadcrumb\":{\"@id\":\"https:\/\/www.acuarella.eu\/es\/proyecto-educativo-de-acuarella\/actividades\/#breadcrumb\"},\"inLanguage\":\"es\",\"potentialAction\":[{\"@type\":\"ReadAction\",\"target\":[\"https:\/\/www.acuarella.eu\/es\/proyecto-educativo-de-acuarella\/actividades\/\"]}]},{\"@type\":\"BreadcrumbList\",\"@id\":\"https:\/\/www.acuarella.eu\/es\/proyecto-educativo-de-acuarella\/actividades\/#breadcrumb\",\"itemListElement\":[{\"@type\":\"ListItem\",\"position\":1,\"name\":\"Portada\",\"item\":\"https:\/\/www.acuarella.eu\/es\/\"},{\"@type\":\"ListItem\",\"position\":2,\"name\":\"Proyecto\",\"item\":\"https:\/\/www.acuarella.eu\/es\/proyecto-educativo-de-acuarella\/\"},{\"@type\":\"ListItem\",\"position\":3,\"name\":\"Actividades\"}]},{\"@type\":\"WebSite\",\"@id\":\"https:\/\/www.acuarella.eu\/es\/#website\",\"url\":\"https:\/\/www.acuarella.eu\/es\/\",\"name\":\"Llars d'infants Acuarella\",\"description\":\"Escuela infantil en Barcelona\",\"publisher\":{\"@id\":\"https:\/\/www.acuarella.eu\/es\/#organization\"},\"potentialAction\":[{\"@type\":\"SearchAction\",\"target\":{\"@type\":\"EntryPoint\",\"urlTemplate\":\"https:\/\/www.acuarella.eu\/es\/?s={search_term_string}\"},\"query-input\":\"required name=search_term_string\"}],\"inLanguage\":\"es\"},{\"@type\":\"Organization\",\"@id\":\"https:\/\/www.acuarella.eu\/es\/#organization\",\"name\":\"Acuarella\",\"url\":\"https:\/\/www.acuarella.eu\/es\/\",\"logo\":{\"@type\":\"ImageObject\",\"inLanguage\":\"es\",\"@id\":\"https:\/\/www.acuarella.eu\/es\/#\/schema\/logo\/image\/\",\"url\":\"https:\/\/www.acuarella.eu\/wp-content\/uploads\/revslider\/Navidad2018\/logo_500px.png\",\"contentUrl\":\"https:\/\/www.acuarella.eu\/wp-content\/uploads\/revslider\/Navidad2018\/logo_500px.png\",\"width\":500,\"height\":207,\"caption\":\"Acuarella\"},\"image\":{\"@id\":\"https:\/\/www.acuarella.eu\/es\/#\/schema\/logo\/image\/\"},\"sameAs\":[\"https:\/\/www.facebook.com\/acuarellainfants\/\",\"https:\/\/twitter.com\/AcuarellaLLI\",\"https:\/\/www.instagram.com\/acuarella_llars\/\",\"https:\/\/www.linkedin.com\/company\/11481738\/admin\/\"]}]}<\/script>\n<!-- \/ Yoast SEO plugin. -->","yoast_head_json":{"title":"Actividades | Acuarella | ecucaci\u00f3n infantil en Barcelona","description":"Adem\u00e1s de cubrir las necesidades b\u00e1sicas, es la actividad educativa m\u00e1s importante de la vida cotidiana de la escuela,","robots":{"index":"index","follow":"follow","max-snippet":"max-snippet:-1","max-image-preview":"max-image-preview:large","max-video-preview":"max-video-preview:-1"},"canonical":"https:\/\/www.acuarella.eu\/es\/proyecto-educativo-de-acuarella\/actividades\/","og_locale":"es_ES","og_type":"article","og_title":"Actividades | Acuarella | ecucaci\u00f3n infantil en Barcelona","og_description":"Adem\u00e1s de cubrir las necesidades b\u00e1sicas, es la actividad educativa m\u00e1s importante de la vida cotidiana de la escuela,","og_url":"https:\/\/www.acuarella.eu\/es\/proyecto-educativo-de-acuarella\/actividades\/","og_site_name":"Acuarella","article_publisher":"https:\/\/www.facebook.com\/acuarellainfants\/","article_modified_time":"2023-05-14T18:09:26+00:00","twitter_card":"summary_large_image","twitter_site":"@AcuarellaLLI","twitter_misc":{"Tiempo de lectura":"2 minutos"},"schema":{"@context":"https:\/\/schema.org","@graph":[{"@type":"WebPage","@id":"https:\/\/www.acuarella.eu\/es\/proyecto-educativo-de-acuarella\/actividades\/","url":"https:\/\/www.acuarella.eu\/es\/proyecto-educativo-de-acuarella\/actividades\/","name":"Actividades | Acuarella | ecucaci\u00f3n infantil en Barcelona","isPartOf":{"@id":"https:\/\/www.acuarella.eu\/es\/#website"},"datePublished":"2016-05-09T19:35:15+00:00","dateModified":"2023-05-14T18:09:26+00:00","description":"Adem\u00e1s de cubrir las necesidades b\u00e1sicas, es la actividad educativa m\u00e1s importante de la vida cotidiana de la escuela,","breadcrumb":{"@id":"https:\/\/www.acuarella.eu\/es\/proyecto-educativo-de-acuarella\/actividades\/#breadcrumb"},"inLanguage":"es","potentialAction":[{"@type":"ReadAction","target":["https:\/\/www.acuarella.eu\/es\/proyecto-educativo-de-acuarella\/actividades\/"]}]},{"@type":"BreadcrumbList","@id":"https:\/\/www.acuarella.eu\/es\/proyecto-educativo-de-acuarella\/actividades\/#breadcrumb","itemListElement":[{"@type":"ListItem","position":1,"name":"Portada","item":"https:\/\/www.acuarella.eu\/es\/"},{"@type":"ListItem","position":2,"name":"Proyecto","item":"https:\/\/www.acuarella.eu\/es\/proyecto-educativo-de-acuarella\/"},{"@type":"ListItem","position":3,"name":"Actividades"}]},{"@type":"WebSite","@id":"https:\/\/www.acuarella.eu\/es\/#website","url":"https:\/\/www.acuarella.eu\/es\/","name":"Llars d'infants Acuarella","description":"Escuela infantil en Barcelona","publisher":{"@id":"https:\/\/www.acuarella.eu\/es\/#organization"},"potentialAction":[{"@type":"SearchAction","target":{"@type":"EntryPoint","urlTemplate":"https:\/\/www.acuarella.eu\/es\/?s={search_term_string}"},"query-input":"required name=search_term_string"}],"inLanguage":"es"},{"@type":"Organization","@id":"https:\/\/www.acuarella.eu\/es\/#organization","name":"Acuarella","url":"https:\/\/www.acuarella.eu\/es\/","logo":{"@type":"ImageObject","inLanguage":"es","@id":"https:\/\/www.acuarella.eu\/es\/#\/schema\/logo\/image\/","url":"https:\/\/www.acuarella.eu\/wp-content\/uploads\/revslider\/Navidad2018\/logo_500px.png","contentUrl":"https:\/\/www.acuarella.eu\/wp-content\/uploads\/revslider\/Navidad2018\/logo_500px.png","width":500,"height":207,"caption":"Acuarella"},"image":{"@id":"https:\/\/www.acuarella.eu\/es\/#\/schema\/logo\/image\/"},"sameAs":["https:\/\/www.facebook.com\/acuarellainfants\/","https:\/\/twitter.com\/AcuarellaLLI","https:\/\/www.instagram.com\/acuarella_llars\/","https:\/\/www.linkedin.com\/company\/11481738\/admin\/"]}]}},"_links":{"self":[{"href":"https:\/\/www.acuarella.eu\/es\/wp-json\/wp\/v2\/pages\/3624"}],"collection":[{"href":"https:\/\/www.acuarella.eu\/es\/wp-json\/wp\/v2\/pages"}],"about":[{"href":"https:\/\/www.acuarella.eu\/es\/wp-json\/wp\/v2\/types\/page"}],"author":[{"embeddable":true,"href":"https:\/\/www.acuarella.eu\/es\/wp-json\/wp\/v2\/users\/3"}],"replies":[{"embeddable":true,"href":"https:\/\/www.acuarella.eu\/es\/wp-json\/wp\/v2\/comments?post=3624"}],"version-history":[{"count":7,"href":"https:\/\/www.acuarella.eu\/es\/wp-json\/wp\/v2\/pages\/3624\/revisions"}],"predecessor-version":[{"id":9520,"href":"https:\/\/www.acuarella.eu\/es\/wp-json\/wp\/v2\/pages\/3624\/revisions\/9520"}],"up":[{"embeddable":true,"href":"https:\/\/www.acuarella.eu\/es\/wp-json\/wp\/v2\/pages\/3604"}],"wp:attachment":[{"href":"https:\/\/www.acuarella.eu\/es\/wp-json\/wp\/v2\/media?parent=3624"}],"curies":[{"name":"wp","href":"https:\/\/api.w.org\/{rel}","templated":true}]}}