{"id":3626,"date":"2016-05-09T21:39:58","date_gmt":"2016-05-09T19:39:58","guid":{"rendered":"http:\/\/www.acuarella.eu\/es\/?page_id=3626"},"modified":"2023-03-01T01:01:36","modified_gmt":"2023-03-01T00:01:36","slug":"los-juegos-en-acuarella","status":"publish","type":"page","link":"https:\/\/www.acuarella.eu\/es\/proyecto-educativo-de-acuarella\/los-juegos-en-acuarella\/","title":{"rendered":"Los juegos"},"content":{"rendered":"<div class=\"wpb-content-wrapper\"><p>[vc_row full_width=\u00bbstretch_row\u00bb bg_style=\u00bbbg-effect-lg\u00bb css=\u00bb.vc_custom_1620465349209{padding-top: 55px !important;padding-bottom: 55px !important;background-color: #ec6f06 !important;}\u00bb][vc_column][vc_custom_heading text=\u00bbLos juegos en Acuarella\u00bb font_container=\u00bbtag:h1|text_align:center|color:%23ffffff\u00bb use_theme_fonts=\u00bbyes\u00bb][\/vc_column][\/vc_row][vc_row css=\u00bb.vc_custom_1452185617341{padding-top: 55px !important;}\u00bb][vc_column offset=\u00bbvc_col-lg-6 vc_col-md-6 vc_col-xs-12&#8243;][vc_custom_heading text=\u00bbEl \u201ccesto de los tesoros\u201d\u00bb font_container=\u00bbtag:h2|text_align:center\u00bb use_theme_fonts=\u00bbyes\u00bb][vc_empty_space height=\u00bb20px\u00bb][vc_separator color=\u00bbcustom\u00bb align=\u00bbcenter\u00bb border_width=\u00bb4&#8243; custom_sparator_width=\u00bb155px\u00bb accent_color=\u00bb#ec6f06&#8243;][vc_empty_space height=\u00bb20px\u00bb][vc_column_text]<\/p>\n<p style=\"text-align: justify;\">Es una fuente de experiencias que el beb\u00e9 (cuando ya puede permanecer sentado) recoge a trav\u00e9s de los sentidos por <strong>iniciativa propia<\/strong>. Se concentra, escoge, experimenta, cambia un objeto por otro,\u2026 seleccionando determinados objetos de la cesta sin dudar, actuando con inter\u00e9s.<br \/>\nCon esta propuesta desenvuelve y perfecciona la <strong>coordinaci\u00f3n ojo-mano-objeto y la habilidad de manipulaci\u00f3n.<br \/>\n<\/strong>Busca y recibe est\u00edmulos de diversos objetos que, a trav\u00e9s del tacto, el gusto, el olor, el sonido, la vista y el movimiento corporal, le <strong>facilitan un crecimiento r\u00e1pido del cerebro.<\/strong><br \/>\nLos objetos del cesto pueden ser: naturales, de materiales naturales, de madera, de metal, de piel, de ropa, de goma, cintas, papel y cart\u00f3n. Son objetos seguros y seleccionados cuidadosamente por las educadoras. Se limpian con regularidad.<\/p>\n<p>[\/vc_column_text][\/vc_column][vc_column offset=\u00bbvc_col-lg-6 vc_col-md-6 vc_col-xs-12&#8243;][vc_single_image image=\u00bb6782&#8243; img_size=\u00bbfull\u00bb alignment=\u00bbcenter\u00bb style=\u00bbvc_box_shadow_3d\u00bb css_animation=\u00bbright-to-left\u00bb][\/vc_column][\/vc_row][vc_row css=\u00bb.vc_custom_1452185676604{padding-top: 55px !important;}\u00bb][vc_column offset=\u00bbvc_col-lg-6 vc_col-md-6 vc_col-xs-12&#8243;][vc_single_image image=\u00bb4353&#8243; img_size=\u00bbfull\u00bb alignment=\u00bbcenter\u00bb style=\u00bbvc_box_shadow_3d\u00bb css_animation=\u00bbleft-to-right\u00bb][\/vc_column][vc_column offset=\u00bbvc_col-lg-6 vc_col-md-6 vc_col-xs-12&#8243;][vc_custom_heading text=\u00bbEl juego heur\u00edstico (1-2 a\u00f1os)\u00bb font_container=\u00bbtag:h2|text_align:center\u00bb use_theme_fonts=\u00bbyes\u00bb][vc_empty_space height=\u00bb20px\u00bb][vc_separator color=\u00bbcustom\u00bb align=\u00bbcenter\u00bb border_width=\u00bb4&#8243; custom_sparator_width=\u00bb155px\u00bb accent_color=\u00bb#ec6f06&#8243;][vc_empty_space height=\u00bb20px\u00bb][vc_column_text]<\/p>\n<p style=\"text-align: justify;\">Se trata de una actividad de juego, exploraci\u00f3n y combinaci\u00f3n de objetos. <strong>Estimula la imaginaci\u00f3n, facilita la concentraci\u00f3n y el aprendizaje.<br \/>\n<\/strong>Es un buen momento para este tipo de juego porque los ni\u00f1os ya disfrutan de la habilidad de usar las manos y de las nuevas posibilidades de movimiento reci\u00e9n adquiridas que le llevan a <strong>nuevos descubrimientos.<br \/>\n<\/strong>Los objetos que utilizamos en este juego facilitan acciones como: llenar, vaciar, encajar, apilar, notar contrastes y parecidos, hacerse preguntas y buscar soluciones. Los objetos seleccionados son de diferentes formas, dimensiones, pesos, colores, \u2026<\/p>\n<p>[\/vc_column_text][\/vc_column][\/vc_row][vc_row css=\u00bb.vc_custom_1452185808190{padding-top: 55px !important;}\u00bb][vc_column offset=\u00bbvc_col-lg-6 vc_col-md-6 vc_col-xs-12&#8243;][vc_custom_heading text=\u00bbEl juego simb\u00f3lico (2-3 a\u00f1os)\u00bb font_container=\u00bbtag:h2|text_align:center\u00bb use_theme_fonts=\u00bbyes\u00bb][vc_empty_space height=\u00bb20px\u00bb][vc_separator color=\u00bbcustom\u00bb align=\u00bbcenter\u00bb border_width=\u00bb4&#8243; custom_sparator_width=\u00bb155px\u00bb accent_color=\u00bb#ec6f06&#8243;][vc_empty_space height=\u00bb20px\u00bb][vc_column_text]<\/p>\n<p style=\"text-align: justify;\">Recreaci\u00f3n del mundo adulto. Este juego <strong>permite al ni\u00f1o adaptarse<\/strong> y resituarse activamente en el mundo. Primero, act\u00faa <strong>mediante la imitaci\u00f3n<\/strong> y despu\u00e9s recrea la realidad externa a partir de sus propios deseos, intereses, capacidad de investigaci\u00f3n, miedos, etc.<\/p>\n<p>[\/vc_column_text][\/vc_column][vc_column offset=\u00bbvc_col-lg-6 vc_col-md-6 vc_col-xs-12&#8243;][vc_single_image image=\u00bb4354&#8243; img_size=\u00bbfull\u00bb alignment=\u00bbcenter\u00bb css_animation=\u00bbright-to-left\u00bb][\/vc_column][\/vc_row]<\/p>\n<\/div>","protected":false},"excerpt":{"rendered":"<p>[vc_row full_width=\u00bbstretch_row\u00bb bg_style=\u00bbbg-effect-lg\u00bb css=\u00bb.vc_custom_1620465349209{padding-top: 55px !important;padding-bottom: 55px !important;background-color: #ec6f06 !important;}\u00bb][vc_column][vc_custom_heading text=\u00bbLos juegos en Acuarella\u00bb font_container=\u00bbtag:h1|text_align:center|color:%23ffffff\u00bb use_theme_fonts=\u00bbyes\u00bb][\/vc_column][\/vc_row][vc_row css=\u00bb.vc_custom_1452185617341{padding-top: 55px !important;}\u00bb][vc_column offset=\u00bbvc_col-lg-6 vc_col-md-6 vc_col-xs-12&#8243;][vc_custom_heading text=\u00bbEl \u201ccesto de los tesoros\u201d\u00bb font_container=\u00bbtag:h2|text_align:center\u00bb use_theme_fonts=\u00bbyes\u00bb][vc_empty_space height=\u00bb20px\u00bb][vc_separator color=\u00bbcustom\u00bb align=\u00bbcenter\u00bb border_width=\u00bb4&#8243; custom_sparator_width=\u00bb155px\u00bb accent_color=\u00bb#ec6f06&#8243;][vc_empty_space height=\u00bb20px\u00bb][vc_column_text] Es una fuente de experiencias que el beb\u00e9 (cuando ya puede permanecer sentado) recoge a trav\u00e9s de los sentidos [&hellip;]<\/p>\n","protected":false},"author":3,"featured_media":0,"parent":3604,"menu_order":40,"comment_status":"closed","ping_status":"closed","template":"","meta":[],"yoast_head":"<!-- This site is optimized with the Yoast SEO plugin v20.2.1 - https:\/\/yoast.com\/wordpress\/plugins\/seo\/ -->\n<title>Los juegos | para beb\u00e9s en Acuarella<\/title>\n<meta name=\"description\" content=\"El juego es nuestra manera innata sde conocer el mundo y de aprender, lo llevamos de serie igual que la curisidad\" \/>\n<meta name=\"robots\" content=\"index, follow, max-snippet:-1, max-image-preview:large, max-video-preview:-1\" \/>\n<link rel=\"canonical\" href=\"https:\/\/www.acuarella.eu\/es\/proyecto-educativo-de-acuarella\/los-juegos-en-acuarella\/\" \/>\n<meta property=\"og:locale\" content=\"es_ES\" \/>\n<meta property=\"og:type\" content=\"article\" \/>\n<meta property=\"og:title\" content=\"Los juegos | para beb\u00e9s en Acuarella\" \/>\n<meta property=\"og:description\" content=\"El juego es nuestra manera innata sde conocer el mundo y de aprender, lo llevamos de serie igual que la curisidad\" \/>\n<meta property=\"og:url\" content=\"https:\/\/www.acuarella.eu\/es\/proyecto-educativo-de-acuarella\/los-juegos-en-acuarella\/\" \/>\n<meta property=\"og:site_name\" content=\"Acuarella\" \/>\n<meta property=\"article:publisher\" content=\"https:\/\/www.facebook.com\/acuarellainfants\/\" \/>\n<meta property=\"article:modified_time\" content=\"2023-03-01T00:01:36+00:00\" \/>\n<meta name=\"twitter:card\" content=\"summary_large_image\" \/>\n<meta name=\"twitter:site\" content=\"@AcuarellaLLI\" \/>\n<meta name=\"twitter:label1\" content=\"Tiempo de lectura\" \/>\n\t<meta name=\"twitter:data1\" content=\"2 minutos\" \/>\n<script type=\"application\/ld+json\" class=\"yoast-schema-graph\">{\"@context\":\"https:\/\/schema.org\",\"@graph\":[{\"@type\":\"WebPage\",\"@id\":\"https:\/\/www.acuarella.eu\/es\/proyecto-educativo-de-acuarella\/los-juegos-en-acuarella\/\",\"url\":\"https:\/\/www.acuarella.eu\/es\/proyecto-educativo-de-acuarella\/los-juegos-en-acuarella\/\",\"name\":\"Los juegos | para beb\u00e9s en Acuarella\",\"isPartOf\":{\"@id\":\"https:\/\/www.acuarella.eu\/es\/#website\"},\"datePublished\":\"2016-05-09T19:39:58+00:00\",\"dateModified\":\"2023-03-01T00:01:36+00:00\",\"description\":\"El juego es nuestra manera innata sde conocer el mundo y de aprender, lo llevamos de serie igual que la curisidad\",\"breadcrumb\":{\"@id\":\"https:\/\/www.acuarella.eu\/es\/proyecto-educativo-de-acuarella\/los-juegos-en-acuarella\/#breadcrumb\"},\"inLanguage\":\"es\",\"potentialAction\":[{\"@type\":\"ReadAction\",\"target\":[\"https:\/\/www.acuarella.eu\/es\/proyecto-educativo-de-acuarella\/los-juegos-en-acuarella\/\"]}]},{\"@type\":\"BreadcrumbList\",\"@id\":\"https:\/\/www.acuarella.eu\/es\/proyecto-educativo-de-acuarella\/los-juegos-en-acuarella\/#breadcrumb\",\"itemListElement\":[{\"@type\":\"ListItem\",\"position\":1,\"name\":\"Portada\",\"item\":\"https:\/\/www.acuarella.eu\/es\/\"},{\"@type\":\"ListItem\",\"position\":2,\"name\":\"Proyecto\",\"item\":\"https:\/\/www.acuarella.eu\/es\/proyecto-educativo-de-acuarella\/\"},{\"@type\":\"ListItem\",\"position\":3,\"name\":\"Los juegos\"}]},{\"@type\":\"WebSite\",\"@id\":\"https:\/\/www.acuarella.eu\/es\/#website\",\"url\":\"https:\/\/www.acuarella.eu\/es\/\",\"name\":\"Llars d'infants Acuarella\",\"description\":\"Escuela infantil en Barcelona\",\"publisher\":{\"@id\":\"https:\/\/www.acuarella.eu\/es\/#organization\"},\"potentialAction\":[{\"@type\":\"SearchAction\",\"target\":{\"@type\":\"EntryPoint\",\"urlTemplate\":\"https:\/\/www.acuarella.eu\/es\/?s={search_term_string}\"},\"query-input\":\"required name=search_term_string\"}],\"inLanguage\":\"es\"},{\"@type\":\"Organization\",\"@id\":\"https:\/\/www.acuarella.eu\/es\/#organization\",\"name\":\"Acuarella\",\"url\":\"https:\/\/www.acuarella.eu\/es\/\",\"logo\":{\"@type\":\"ImageObject\",\"inLanguage\":\"es\",\"@id\":\"https:\/\/www.acuarella.eu\/es\/#\/schema\/logo\/image\/\",\"url\":\"https:\/\/www.acuarella.eu\/wp-content\/uploads\/revslider\/Navidad2018\/logo_500px.png\",\"contentUrl\":\"https:\/\/www.acuarella.eu\/wp-content\/uploads\/revslider\/Navidad2018\/logo_500px.png\",\"width\":500,\"height\":207,\"caption\":\"Acuarella\"},\"image\":{\"@id\":\"https:\/\/www.acuarella.eu\/es\/#\/schema\/logo\/image\/\"},\"sameAs\":[\"https:\/\/www.facebook.com\/acuarellainfants\/\",\"https:\/\/twitter.com\/AcuarellaLLI\",\"https:\/\/www.instagram.com\/acuarella_llars\/\",\"https:\/\/www.linkedin.com\/company\/11481738\/admin\/\"]}]}<\/script>\n<!-- \/ Yoast SEO plugin. -->","yoast_head_json":{"title":"Los juegos | para beb\u00e9s en Acuarella","description":"El juego es nuestra manera innata sde conocer el mundo y de aprender, lo llevamos de serie igual que la curisidad","robots":{"index":"index","follow":"follow","max-snippet":"max-snippet:-1","max-image-preview":"max-image-preview:large","max-video-preview":"max-video-preview:-1"},"canonical":"https:\/\/www.acuarella.eu\/es\/proyecto-educativo-de-acuarella\/los-juegos-en-acuarella\/","og_locale":"es_ES","og_type":"article","og_title":"Los juegos | para beb\u00e9s en Acuarella","og_description":"El juego es nuestra manera innata sde conocer el mundo y de aprender, lo llevamos de serie igual que la curisidad","og_url":"https:\/\/www.acuarella.eu\/es\/proyecto-educativo-de-acuarella\/los-juegos-en-acuarella\/","og_site_name":"Acuarella","article_publisher":"https:\/\/www.facebook.com\/acuarellainfants\/","article_modified_time":"2023-03-01T00:01:36+00:00","twitter_card":"summary_large_image","twitter_site":"@AcuarellaLLI","twitter_misc":{"Tiempo de lectura":"2 minutos"},"schema":{"@context":"https:\/\/schema.org","@graph":[{"@type":"WebPage","@id":"https:\/\/www.acuarella.eu\/es\/proyecto-educativo-de-acuarella\/los-juegos-en-acuarella\/","url":"https:\/\/www.acuarella.eu\/es\/proyecto-educativo-de-acuarella\/los-juegos-en-acuarella\/","name":"Los juegos | para beb\u00e9s en Acuarella","isPartOf":{"@id":"https:\/\/www.acuarella.eu\/es\/#website"},"datePublished":"2016-05-09T19:39:58+00:00","dateModified":"2023-03-01T00:01:36+00:00","description":"El juego es nuestra manera innata sde conocer el mundo y de aprender, lo llevamos de serie igual que la curisidad","breadcrumb":{"@id":"https:\/\/www.acuarella.eu\/es\/proyecto-educativo-de-acuarella\/los-juegos-en-acuarella\/#breadcrumb"},"inLanguage":"es","potentialAction":[{"@type":"ReadAction","target":["https:\/\/www.acuarella.eu\/es\/proyecto-educativo-de-acuarella\/los-juegos-en-acuarella\/"]}]},{"@type":"BreadcrumbList","@id":"https:\/\/www.acuarella.eu\/es\/proyecto-educativo-de-acuarella\/los-juegos-en-acuarella\/#breadcrumb","itemListElement":[{"@type":"ListItem","position":1,"name":"Portada","item":"https:\/\/www.acuarella.eu\/es\/"},{"@type":"ListItem","position":2,"name":"Proyecto","item":"https:\/\/www.acuarella.eu\/es\/proyecto-educativo-de-acuarella\/"},{"@type":"ListItem","position":3,"name":"Los juegos"}]},{"@type":"WebSite","@id":"https:\/\/www.acuarella.eu\/es\/#website","url":"https:\/\/www.acuarella.eu\/es\/","name":"Llars d'infants Acuarella","description":"Escuela infantil en Barcelona","publisher":{"@id":"https:\/\/www.acuarella.eu\/es\/#organization"},"potentialAction":[{"@type":"SearchAction","target":{"@type":"EntryPoint","urlTemplate":"https:\/\/www.acuarella.eu\/es\/?s={search_term_string}"},"query-input":"required name=search_term_string"}],"inLanguage":"es"},{"@type":"Organization","@id":"https:\/\/www.acuarella.eu\/es\/#organization","name":"Acuarella","url":"https:\/\/www.acuarella.eu\/es\/","logo":{"@type":"ImageObject","inLanguage":"es","@id":"https:\/\/www.acuarella.eu\/es\/#\/schema\/logo\/image\/","url":"https:\/\/www.acuarella.eu\/wp-content\/uploads\/revslider\/Navidad2018\/logo_500px.png","contentUrl":"https:\/\/www.acuarella.eu\/wp-content\/uploads\/revslider\/Navidad2018\/logo_500px.png","width":500,"height":207,"caption":"Acuarella"},"image":{"@id":"https:\/\/www.acuarella.eu\/es\/#\/schema\/logo\/image\/"},"sameAs":["https:\/\/www.facebook.com\/acuarellainfants\/","https:\/\/twitter.com\/AcuarellaLLI","https:\/\/www.instagram.com\/acuarella_llars\/","https:\/\/www.linkedin.com\/company\/11481738\/admin\/"]}]}},"_links":{"self":[{"href":"https:\/\/www.acuarella.eu\/es\/wp-json\/wp\/v2\/pages\/3626"}],"collection":[{"href":"https:\/\/www.acuarella.eu\/es\/wp-json\/wp\/v2\/pages"}],"about":[{"href":"https:\/\/www.acuarella.eu\/es\/wp-json\/wp\/v2\/types\/page"}],"author":[{"embeddable":true,"href":"https:\/\/www.acuarella.eu\/es\/wp-json\/wp\/v2\/users\/3"}],"replies":[{"embeddable":true,"href":"https:\/\/www.acuarella.eu\/es\/wp-json\/wp\/v2\/comments?post=3626"}],"version-history":[{"count":2,"href":"https:\/\/www.acuarella.eu\/es\/wp-json\/wp\/v2\/pages\/3626\/revisions"}],"predecessor-version":[{"id":9397,"href":"https:\/\/www.acuarella.eu\/es\/wp-json\/wp\/v2\/pages\/3626\/revisions\/9397"}],"up":[{"embeddable":true,"href":"https:\/\/www.acuarella.eu\/es\/wp-json\/wp\/v2\/pages\/3604"}],"wp:attachment":[{"href":"https:\/\/www.acuarella.eu\/es\/wp-json\/wp\/v2\/media?parent=3626"}],"curies":[{"name":"wp","href":"https:\/\/api.w.org\/{rel}","templated":true}]}}