{"id":3927,"date":"2017-05-22T10:22:00","date_gmt":"2017-05-22T08:22:00","guid":{"rendered":"http:\/\/www.acuarella.eu\/?page_id=3927\/"},"modified":"2021-11-18T19:33:52","modified_gmt":"2021-11-18T18:33:52","slug":"activites","status":"publish","type":"page","link":"https:\/\/www.acuarella.eu\/fr\/projet\/activites\/","title":{"rendered":"Activit\u00e9s"},"content":{"rendered":"<div class=\"wpb-content-wrapper\"><p>[vc_row full_width=\u00a0\u00bbstretch_row\u00a0\u00bb bg_style=\u00a0\u00bbbg-effect-lg\u00a0\u00bb css=\u00a0\u00bb.vc_custom_1619886202119{padding-top: 55px !important;padding-bottom: 55px !important;background-color: #ec6f06 !important;}\u00a0\u00bb][vc_column][vc_custom_heading text=\u00a0\u00bbActivit\u00e9s\u00a0\u00bb font_container=\u00a0\u00bbtag:h1|text_align:center|color:%23ffffff\u00a0\u00bb use_theme_fonts=\u00a0\u00bbyes\u00a0\u00bb][\/vc_column][\/vc_row][vc_row full_width=\u00a0\u00bbstretch_row\u00a0\u00bb parallax=\u00a0\u00bbcontent-moving\u00a0\u00bb parallax_image=\u00a0\u00bb4916&Prime; el_class=\u00a0\u00bbrow-overlay\u00a0\u00bb bg_style=\u00a0\u00bbimg_parallax\u00a0\u00bb overlay_row=\u00a0\u00bbyes\u00a0\u00bb css=\u00a0\u00bb.vc_custom_1619886158294{padding-top: 55px !important;padding-bottom: 55px !important;background-color: rgba(255,255,255,0.7) !important;background-position: center;background-repeat: no-repeat !important;background-size: cover !important;*background-color: rgb(255,255,255) !important;}\u00a0\u00bb bd_p_speed=\u00a0\u00bb0.5&Prime; overlay_color=\u00a0\u00bb#ffffff\u00a0\u00bb overlay_opacity=\u00a0\u00bb0.8&Prime;][vc_column font_color=\u00a0\u00bb#000000&Prime;][cms_fancybox icon1=\u00a0\u00bbfa fa-cutlery\u00a0\u00bb title1=\u00a0\u00bbHabitudes et routines (alimentation, hygi\u00e8ne et sommeil)\u00a0\u00bb cms_fancybox_boder_color=\u00a0\u00bb#ec6f06&Prime; cms_fancybox_bg_color=\u00a0\u00bb#ec6f06&Prime; cms_fancybox_title_color=\u00a0\u00bb#575656&Prime; cms_fancybox_content_color=\u00a0\u00bb#000000&Prime; description1=\u00a0\u00bbEn plus de r\u00e9pondre aux besoins basiques, ce sont les plus importantes activit\u00e9s \u00e9ducatives de la vie scolaire quotidienne, en respectant le rythme de chaque enfant. Pourquoi sont-ils si importants? Parce que la r\u00e9p\u00e9tition r\u00e9guli\u00e8re permet l&rsquo;acquisition d&rsquo;habitudes, l&rsquo;autonomie et l&rsquo;int\u00e9gration sociale, ce qui facilite les moments pour stimuler la motricit\u00e9, la langue, le d\u00e9veloppement affectif et sensoriel. Promeuvent la relation avec l&rsquo;adulte, car ils favorisent la communication par le geste, le regard et la voix.\u00a0\u00bb cms_template=\u00a0\u00bbcms_fancybox&#8211;layout-2.php\u00a0\u00bb][vc_empty_space height=\u00a0\u00bb40px\u00a0\u00bb][cms_fancybox icon1=\u00a0\u00bbfa fa-graduation-cap\u00a0\u00bb title1=\u00a0\u00bbL\u00b4apprentissage\u00a0\u00bb cms_fancybox_boder_color=\u00a0\u00bb#ec6f06&Prime; cms_fancybox_bg_color=\u00a0\u00bb#ec6f06&Prime; cms_fancybox_title_color=\u00a0\u00bb#575656&Prime; cms_fancybox_content_color=\u00a0\u00bb#000000&Prime; description1=\u00a0\u00bbLes centres motivent et \u00e9veillent la curiosit\u00e9 des enfants.\u00a0\u00bb cms_template=\u00a0\u00bbcms_fancybox&#8211;layout-2.php\u00a0\u00bb][vc_empty_space height=\u00a0\u00bb40px\u00a0\u00bb][cms_fancybox icon1=\u00a0\u00bbfa fa-bicycle\u00a0\u00bb title1=\u00a0\u00bbActivit\u00e9s sp\u00e9cifiques\u00a0\u00bb cms_fancybox_boder_color=\u00a0\u00bb#ec6f06&Prime; cms_fancybox_bg_color=\u00a0\u00bb#ec6f06&Prime; cms_fancybox_title_color=\u00a0\u00bb#575656&Prime; cms_fancybox_content_color=\u00a0\u00bb#000000&Prime; description1=\u00a0\u00bbSensorielles, d&rsquo;attention, de m\u00e9moire, psychomotrices&#8230;\u00a0\u00bb cms_template=\u00a0\u00bbcms_fancybox&#8211;layout-2.php\u00a0\u00bb][vc_empty_space height=\u00a0\u00bb40px\u00a0\u00bb][cms_fancybox icon1=\u00a0\u00bbfa fa-cube\u00a0\u00bb title1=\u00a0\u00bbCoins de jeu symbolique\u00a0\u00bb cms_fancybox_boder_color=\u00a0\u00bb#ec6f06&Prime; cms_fancybox_bg_color=\u00a0\u00bb#ec6f06&Prime; cms_fancybox_title_color=\u00a0\u00bb#575656&Prime; cms_fancybox_content_color=\u00a0\u00bb#000000&Prime; description1=\u00a0\u00bbIls offrent un degr\u00e9 d&rsquo;autonomie. La diversification des propositions de jeu, ce qui permettent de cr\u00e9er des interactions entre les enfants.\u00a0\u00bb cms_template=\u00a0\u00bbcms_fancybox&#8211;layout-2.php\u00a0\u00bb heading_1=\u00a0\u00bb\u00a0\u00bb][vc_empty_space height=\u00a0\u00bb40px\u00a0\u00bb][cms_fancybox icon1=\u00a0\u00bbfa fa-puzzle-piece\u00a0\u00bb title1=\u00a0\u00bbL&rsquo;atelier\u00a0\u00bb cms_fancybox_boder_color=\u00a0\u00bb#ec6f06&Prime; cms_fancybox_bg_color=\u00a0\u00bb#ec6f06&Prime; cms_fancybox_title_color=\u00a0\u00bb#575656&Prime; cms_fancybox_content_color=\u00a0\u00bb#000000&Prime; description1=\u00a0\u00bbUn espace pour la manipulation et l\u00b4exp\u00e9rimentation avec des mat\u00e9riaux diff\u00e9rents. Un espace pour la cr\u00e9ation artistique et l&rsquo;exp\u00e9rience des sensations.\u00a0\u00bb cms_template=\u00a0\u00bbcms_fancybox&#8211;layout-2.php\u00a0\u00bb heading_1=\u00a0\u00bb\u00a0\u00bb][\/vc_column][\/vc_row]<\/p>\n<\/div>","protected":false},"excerpt":{"rendered":"<p>[vc_row full_width=\u00a0\u00bbstretch_row\u00a0\u00bb bg_style=\u00a0\u00bbbg-effect-lg\u00a0\u00bb css=\u00a0\u00bb.vc_custom_1619886202119{padding-top: 55px !important;padding-bottom: 55px !important;background-color: #ec6f06 !important;}\u00a0\u00bb][vc_column][vc_custom_heading text=\u00a0\u00bbActivit\u00e9s\u00a0\u00bb font_container=\u00a0\u00bbtag:h1|text_align:center|color:%23ffffff\u00a0\u00bb use_theme_fonts=\u00a0\u00bbyes\u00a0\u00bb][\/vc_column][\/vc_row][vc_row full_width=\u00a0\u00bbstretch_row\u00a0\u00bb parallax=\u00a0\u00bbcontent-moving\u00a0\u00bb parallax_image=\u00a0\u00bb4916&Prime; el_class=\u00a0\u00bbrow-overlay\u00a0\u00bb bg_style=\u00a0\u00bbimg_parallax\u00a0\u00bb overlay_row=\u00a0\u00bbyes\u00a0\u00bb css=\u00a0\u00bb.vc_custom_1619886158294{padding-top: 55px !important;padding-bottom: 55px !important;background-color: rgba(255,255,255,0.7) !important;background-position: center;background-repeat: no-repeat !important;background-size: cover !important;*background-color: rgb(255,255,255) !important;}\u00a0\u00bb bd_p_speed=\u00a0\u00bb0.5&Prime; overlay_color=\u00a0\u00bb#ffffff\u00a0\u00bb overlay_opacity=\u00a0\u00bb0.8&Prime;][vc_column font_color=\u00a0\u00bb#000000&Prime;][cms_fancybox icon1=\u00a0\u00bbfa fa-cutlery\u00a0\u00bb title1=\u00a0\u00bbHabitudes et routines (alimentation, hygi\u00e8ne et sommeil)\u00a0\u00bb cms_fancybox_boder_color=\u00a0\u00bb#ec6f06&Prime; cms_fancybox_bg_color=\u00a0\u00bb#ec6f06&Prime; cms_fancybox_title_color=\u00a0\u00bb#575656&Prime; cms_fancybox_content_color=\u00a0\u00bb#000000&Prime; description1=\u00a0\u00bbEn plus de r\u00e9pondre aux [&hellip;]<\/p>\n","protected":false},"author":3,"featured_media":0,"parent":3919,"menu_order":30,"comment_status":"closed","ping_status":"closed","template":"","meta":[],"yoast_head":"<!-- This site is optimized with the Yoast SEO plugin v20.2.1 - https:\/\/yoast.com\/wordpress\/plugins\/seo\/ -->\n<title>Activit\u00e9s | Acuarella | Cr\u00e8ches \u00e0 Barcelone aux besoins des enfants<\/title>\n<meta name=\"description\" content=\"En plus de r\u00e9pondre aux besoins basiques, ce sont les plus importantes activit\u00e9s \u00e9ducatives de la vie scolaire quotidienne,\" \/>\n<meta name=\"robots\" content=\"index, follow, max-snippet:-1, max-image-preview:large, max-video-preview:-1\" \/>\n<link rel=\"canonical\" href=\"https:\/\/www.acuarella.eu\/fr\/projet\/activites\/\" \/>\n<meta property=\"og:locale\" content=\"fr_FR\" \/>\n<meta property=\"og:type\" content=\"article\" \/>\n<meta property=\"og:title\" content=\"Activit\u00e9s | Acuarella | Cr\u00e8ches \u00e0 Barcelone aux besoins des enfants\" \/>\n<meta property=\"og:description\" content=\"En plus de r\u00e9pondre aux besoins basiques, ce sont les plus importantes activit\u00e9s \u00e9ducatives de la vie scolaire quotidienne,\" \/>\n<meta property=\"og:url\" content=\"https:\/\/www.acuarella.eu\/fr\/projet\/activites\/\" \/>\n<meta property=\"og:site_name\" content=\"Acuarella\" \/>\n<meta property=\"article:publisher\" content=\"https:\/\/www.facebook.com\/acuarellainfants\/\" \/>\n<meta property=\"article:modified_time\" content=\"2021-11-18T18:33:52+00:00\" \/>\n<meta name=\"twitter:card\" content=\"summary_large_image\" \/>\n<meta name=\"twitter:site\" content=\"@AcuarellaLLI\" \/>\n<meta name=\"twitter:label1\" content=\"Dur\u00e9e de lecture estim\u00e9e\" \/>\n\t<meta name=\"twitter:data1\" content=\"2 minutes\" \/>\n<script type=\"application\/ld+json\" class=\"yoast-schema-graph\">{\"@context\":\"https:\/\/schema.org\",\"@graph\":[{\"@type\":\"WebPage\",\"@id\":\"https:\/\/www.acuarella.eu\/fr\/projet\/activites\/\",\"url\":\"https:\/\/www.acuarella.eu\/fr\/projet\/activites\/\",\"name\":\"Activit\u00e9s | Acuarella | Cr\u00e8ches \u00e0 Barcelone aux besoins des enfants\",\"isPartOf\":{\"@id\":\"https:\/\/www.acuarella.eu\/fr\/#website\"},\"datePublished\":\"2017-05-22T08:22:00+00:00\",\"dateModified\":\"2021-11-18T18:33:52+00:00\",\"description\":\"En plus de r\u00e9pondre aux besoins basiques, ce sont les plus importantes activit\u00e9s \u00e9ducatives de la vie scolaire quotidienne,\",\"breadcrumb\":{\"@id\":\"https:\/\/www.acuarella.eu\/fr\/projet\/activites\/#breadcrumb\"},\"inLanguage\":\"fr-FR\",\"potentialAction\":[{\"@type\":\"ReadAction\",\"target\":[\"https:\/\/www.acuarella.eu\/fr\/projet\/activites\/\"]}]},{\"@type\":\"BreadcrumbList\",\"@id\":\"https:\/\/www.acuarella.eu\/fr\/projet\/activites\/#breadcrumb\",\"itemListElement\":[{\"@type\":\"ListItem\",\"position\":1,\"name\":\"Portada\",\"item\":\"https:\/\/www.acuarella.eu\/fr\/\"},{\"@type\":\"ListItem\",\"position\":2,\"name\":\"Projet\",\"item\":\"https:\/\/www.acuarella.eu\/fr\/projet\/\"},{\"@type\":\"ListItem\",\"position\":3,\"name\":\"Activit\u00e9s\"}]},{\"@type\":\"WebSite\",\"@id\":\"https:\/\/www.acuarella.eu\/fr\/#website\",\"url\":\"https:\/\/www.acuarella.eu\/fr\/\",\"name\":\"Llars d'infants Acuarella\",\"description\":\"Escuela infantil en Barcelona\",\"publisher\":{\"@id\":\"https:\/\/www.acuarella.eu\/fr\/#organization\"},\"potentialAction\":[{\"@type\":\"SearchAction\",\"target\":{\"@type\":\"EntryPoint\",\"urlTemplate\":\"https:\/\/www.acuarella.eu\/fr\/?s={search_term_string}\"},\"query-input\":\"required name=search_term_string\"}],\"inLanguage\":\"fr-FR\"},{\"@type\":\"Organization\",\"@id\":\"https:\/\/www.acuarella.eu\/fr\/#organization\",\"name\":\"Acuarella\",\"url\":\"https:\/\/www.acuarella.eu\/fr\/\",\"logo\":{\"@type\":\"ImageObject\",\"inLanguage\":\"fr-FR\",\"@id\":\"https:\/\/www.acuarella.eu\/fr\/#\/schema\/logo\/image\/\",\"url\":\"https:\/\/www.acuarella.eu\/wp-content\/uploads\/revslider\/Navidad2018\/logo_500px.png\",\"contentUrl\":\"https:\/\/www.acuarella.eu\/wp-content\/uploads\/revslider\/Navidad2018\/logo_500px.png\",\"width\":500,\"height\":207,\"caption\":\"Acuarella\"},\"image\":{\"@id\":\"https:\/\/www.acuarella.eu\/fr\/#\/schema\/logo\/image\/\"},\"sameAs\":[\"https:\/\/www.facebook.com\/acuarellainfants\/\",\"https:\/\/twitter.com\/AcuarellaLLI\",\"https:\/\/www.instagram.com\/acuarella_llars\/\",\"https:\/\/www.linkedin.com\/company\/11481738\/admin\/\"]}]}<\/script>\n<!-- \/ Yoast SEO plugin. -->","yoast_head_json":{"title":"Activit\u00e9s | Acuarella | Cr\u00e8ches \u00e0 Barcelone aux besoins des enfants","description":"En plus de r\u00e9pondre aux besoins basiques, ce sont les plus importantes activit\u00e9s \u00e9ducatives de la vie scolaire quotidienne,","robots":{"index":"index","follow":"follow","max-snippet":"max-snippet:-1","max-image-preview":"max-image-preview:large","max-video-preview":"max-video-preview:-1"},"canonical":"https:\/\/www.acuarella.eu\/fr\/projet\/activites\/","og_locale":"fr_FR","og_type":"article","og_title":"Activit\u00e9s | Acuarella | Cr\u00e8ches \u00e0 Barcelone aux besoins des enfants","og_description":"En plus de r\u00e9pondre aux besoins basiques, ce sont les plus importantes activit\u00e9s \u00e9ducatives de la vie scolaire quotidienne,","og_url":"https:\/\/www.acuarella.eu\/fr\/projet\/activites\/","og_site_name":"Acuarella","article_publisher":"https:\/\/www.facebook.com\/acuarellainfants\/","article_modified_time":"2021-11-18T18:33:52+00:00","twitter_card":"summary_large_image","twitter_site":"@AcuarellaLLI","twitter_misc":{"Dur\u00e9e de lecture estim\u00e9e":"2 minutes"},"schema":{"@context":"https:\/\/schema.org","@graph":[{"@type":"WebPage","@id":"https:\/\/www.acuarella.eu\/fr\/projet\/activites\/","url":"https:\/\/www.acuarella.eu\/fr\/projet\/activites\/","name":"Activit\u00e9s | Acuarella | Cr\u00e8ches \u00e0 Barcelone aux besoins des enfants","isPartOf":{"@id":"https:\/\/www.acuarella.eu\/fr\/#website"},"datePublished":"2017-05-22T08:22:00+00:00","dateModified":"2021-11-18T18:33:52+00:00","description":"En plus de r\u00e9pondre aux besoins basiques, ce sont les plus importantes activit\u00e9s \u00e9ducatives de la vie scolaire quotidienne,","breadcrumb":{"@id":"https:\/\/www.acuarella.eu\/fr\/projet\/activites\/#breadcrumb"},"inLanguage":"fr-FR","potentialAction":[{"@type":"ReadAction","target":["https:\/\/www.acuarella.eu\/fr\/projet\/activites\/"]}]},{"@type":"BreadcrumbList","@id":"https:\/\/www.acuarella.eu\/fr\/projet\/activites\/#breadcrumb","itemListElement":[{"@type":"ListItem","position":1,"name":"Portada","item":"https:\/\/www.acuarella.eu\/fr\/"},{"@type":"ListItem","position":2,"name":"Projet","item":"https:\/\/www.acuarella.eu\/fr\/projet\/"},{"@type":"ListItem","position":3,"name":"Activit\u00e9s"}]},{"@type":"WebSite","@id":"https:\/\/www.acuarella.eu\/fr\/#website","url":"https:\/\/www.acuarella.eu\/fr\/","name":"Llars d'infants Acuarella","description":"Escuela infantil en Barcelona","publisher":{"@id":"https:\/\/www.acuarella.eu\/fr\/#organization"},"potentialAction":[{"@type":"SearchAction","target":{"@type":"EntryPoint","urlTemplate":"https:\/\/www.acuarella.eu\/fr\/?s={search_term_string}"},"query-input":"required name=search_term_string"}],"inLanguage":"fr-FR"},{"@type":"Organization","@id":"https:\/\/www.acuarella.eu\/fr\/#organization","name":"Acuarella","url":"https:\/\/www.acuarella.eu\/fr\/","logo":{"@type":"ImageObject","inLanguage":"fr-FR","@id":"https:\/\/www.acuarella.eu\/fr\/#\/schema\/logo\/image\/","url":"https:\/\/www.acuarella.eu\/wp-content\/uploads\/revslider\/Navidad2018\/logo_500px.png","contentUrl":"https:\/\/www.acuarella.eu\/wp-content\/uploads\/revslider\/Navidad2018\/logo_500px.png","width":500,"height":207,"caption":"Acuarella"},"image":{"@id":"https:\/\/www.acuarella.eu\/fr\/#\/schema\/logo\/image\/"},"sameAs":["https:\/\/www.facebook.com\/acuarellainfants\/","https:\/\/twitter.com\/AcuarellaLLI","https:\/\/www.instagram.com\/acuarella_llars\/","https:\/\/www.linkedin.com\/company\/11481738\/admin\/"]}]}},"_links":{"self":[{"href":"https:\/\/www.acuarella.eu\/fr\/wp-json\/wp\/v2\/pages\/3927"}],"collection":[{"href":"https:\/\/www.acuarella.eu\/fr\/wp-json\/wp\/v2\/pages"}],"about":[{"href":"https:\/\/www.acuarella.eu\/fr\/wp-json\/wp\/v2\/types\/page"}],"author":[{"embeddable":true,"href":"https:\/\/www.acuarella.eu\/fr\/wp-json\/wp\/v2\/users\/3"}],"replies":[{"embeddable":true,"href":"https:\/\/www.acuarella.eu\/fr\/wp-json\/wp\/v2\/comments?post=3927"}],"version-history":[{"count":6,"href":"https:\/\/www.acuarella.eu\/fr\/wp-json\/wp\/v2\/pages\/3927\/revisions"}],"predecessor-version":[{"id":8374,"href":"https:\/\/www.acuarella.eu\/fr\/wp-json\/wp\/v2\/pages\/3927\/revisions\/8374"}],"up":[{"embeddable":true,"href":"https:\/\/www.acuarella.eu\/fr\/wp-json\/wp\/v2\/pages\/3919"}],"wp:attachment":[{"href":"https:\/\/www.acuarella.eu\/fr\/wp-json\/wp\/v2\/media?parent=3927"}],"curies":[{"name":"wp","href":"https:\/\/api.w.org\/{rel}","templated":true}]}}