{"id":3930,"date":"2017-05-22T10:31:26","date_gmt":"2017-05-22T08:31:26","guid":{"rendered":"http:\/\/www.acuarella.eu\/?page_id=3930\/"},"modified":"2021-05-02T19:50:56","modified_gmt":"2021-05-02T17:50:56","slug":"les-jeux","status":"publish","type":"page","link":"https:\/\/www.acuarella.eu\/fr\/projet\/les-jeux\/","title":{"rendered":"Les jeux"},"content":{"rendered":"<div class=\"wpb-content-wrapper\"><p>[vc_row full_width=\u00a0\u00bbstretch_row\u00a0\u00bb bg_style=\u00a0\u00bbbg-effect-lg\u00a0\u00bb css=\u00a0\u00bb.vc_custom_1619887041105{padding-top: 55px !important;padding-bottom: 55px !important;background-color: #ec6f06 !important;}\u00a0\u00bb][vc_column][vc_custom_heading text=\u00a0\u00bbLes jeux\u00a0\u00bb font_container=\u00a0\u00bbtag:h1|text_align:center|color:%23ffffff\u00a0\u00bb use_theme_fonts=\u00a0\u00bbyes\u00a0\u00bb][\/vc_column][\/vc_row][vc_row css=\u00a0\u00bb.vc_custom_1452185617341{padding-top: 55px !important;}\u00a0\u00bb][vc_column offset=\u00a0\u00bbvc_col-lg-6 vc_col-md-6 vc_col-xs-12&Prime;][vc_custom_heading text=\u00a0\u00bbLe panier de tr\u00e9sors\u00a0\u00bb font_container=\u00a0\u00bbtag:h1|text_align:center\u00a0\u00bb use_theme_fonts=\u00a0\u00bbyes\u00a0\u00bb][vc_empty_space height=\u00a0\u00bb10px\u00a0\u00bb][vc_separator color=\u00a0\u00bbcustom\u00a0\u00bb align=\u00a0\u00bbcenter\u00a0\u00bb border_width=\u00a0\u00bb4&Prime; custom_sparator_width=\u00a0\u00bb155px\u00a0\u00bb accent_color=\u00a0\u00bb#ec6f06&Prime;][vc_empty_space height=\u00a0\u00bb20px\u00a0\u00bb][vc_column_text]<\/p>\n<p style=\"text-align: justify;\">C\u00b4est une source d&rsquo;exp\u00e9riences que le b\u00e9b\u00e9 (quand il peut s&rsquo;asseoir) collecte par les sens de leur <strong>propre initiative<\/strong>. Il se concentre, choisit, exp\u00e9rimente, change un objet pour un autre&#8230; Il s\u00e9lectionne certains objets dans le panier sans h\u00e9sitation, en agissant avec int\u00e9r\u00eat.<\/p>\n<p style=\"text-align: justify;\">Cette activit\u00e9 d\u00e9veloppe et perfectionne la <strong>coordination main-\u0153il-objet et la manipulation<\/strong>.<\/p>\n<p style=\"text-align: justify;\">L\u00b4enfant re\u00e7oit des stimuli divers au travers du toucher, du go\u00fbt,\u00a0 de l&rsquo;odorat, du son, de la vue et du mouvement du corps, ce qui <strong>facilitera la croissance rapide du cerveau<\/strong>.<\/p>\n<p style=\"text-align: justify;\">Les objets du panier peuvent \u00eatre: des mat\u00e9riaux naturels, comme du bois, m\u00e9tal, cuir, tissus, du caoutchouc, du papier et du carton. Ce sont des objets s\u00fbrs et soigneusement s\u00e9lectionn\u00e9s par les \u00e9ducateurs. Ils sont nettoy\u00e9s r\u00e9guli\u00e8rement.<\/p>\n<p>[\/vc_column_text][\/vc_column][vc_column offset=\u00a0\u00bbvc_col-lg-6 vc_col-md-6 vc_col-xs-12&Prime;][vc_single_image image=\u00a0\u00bb6781&Prime; img_size=\u00a0\u00bbfull\u00a0\u00bb alignment=\u00a0\u00bbcenter\u00a0\u00bb style=\u00a0\u00bbvc_box_shadow_3d\u00a0\u00bb css_animation=\u00a0\u00bbright-to-left\u00a0\u00bb css=\u00a0\u00bb.vc_custom_1619977453264{margin-top: 100px !important;}\u00a0\u00bb][\/vc_column][\/vc_row][vc_row css=\u00a0\u00bb.vc_custom_1619977833117{margin-top: 30px !important;}\u00a0\u00bb][vc_column offset=\u00a0\u00bbvc_col-lg-6 vc_col-md-6 vc_col-xs-12&Prime;][vc_custom_heading text=\u00a0\u00bbLe Jeu Heuristique (1-2 ans)\u00a0\u00bb font_container=\u00a0\u00bbtag:h1|text_align:center\u00a0\u00bb use_theme_fonts=\u00a0\u00bbyes\u00a0\u00bb][vc_empty_space height=\u00a0\u00bb10px\u00a0\u00bb][vc_separator color=\u00a0\u00bbcustom\u00a0\u00bb align=\u00a0\u00bbcenter\u00a0\u00bb border_width=\u00a0\u00bb4&Prime; custom_sparator_width=\u00a0\u00bb155px\u00a0\u00bb accent_color=\u00a0\u00bb#ec6f06&Prime;][vc_empty_space height=\u00a0\u00bb20px\u00a0\u00bb][vc_single_image image=\u00a0\u00bb4353&Prime; img_size=\u00a0\u00bbfull\u00a0\u00bb alignment=\u00a0\u00bbcenter\u00a0\u00bb style=\u00a0\u00bbvc_box_shadow_3d\u00a0\u00bb css_animation=\u00a0\u00bbleft-to-right\u00a0\u00bb][\/vc_column][vc_column offset=\u00a0\u00bbvc_col-lg-6 vc_col-md-6 vc_col-xs-12&Prime; css=\u00a0\u00bb.vc_custom_1619977642729{margin-top: 110px !important;}\u00a0\u00bb][vc_column_text]<\/p>\n<p style=\"text-align: justify;\">C\u00b4est une activit\u00e9 de jeu, d&rsquo;exploration et de la combinaison d&rsquo;objets. <strong>\u00c7a stimule l&rsquo;imagination, facilite la concentration et l&rsquo;apprentissage<\/strong>.<\/p>\n<p style=\"text-align: justify;\">C\u00b4est un \u00e2ge id\u00e9al pour ce type de jeu parce que les enfants appr\u00e9cient d\u00e9j\u00e0 l\u00b4usage de leurs mains et des nouvelles possibilit\u00e9s de mouvement acquises qui favorisent de <strong>nouvelles d\u00e9couvertes<\/strong>.<\/p>\n<p style=\"text-align: justify;\">Les objets que nous utilisons dans ce jeu facilitent des actions telles que remplir, vider, ajuster, faires des tours, les similitudes et les contrastes, poser des questions et trouver des solutions. Les objets s\u00e9lectionn\u00e9s sont de formes, dimensions, poids, et couleurs diff\u00e9rentes &#8230;<\/p>\n<p>[\/vc_column_text][\/vc_column][\/vc_row][vc_row css=\u00a0\u00bb.vc_custom_1619977847504{margin-top: 30px !important;}\u00a0\u00bb][vc_column offset=\u00a0\u00bbvc_col-lg-6 vc_col-md-6 vc_col-xs-12&Prime;][vc_custom_heading text=\u00a0\u00bbLe jeu symbolique (2-3 ans)\u00a0\u00bb font_container=\u00a0\u00bbtag:h1|text_align:center\u00a0\u00bb use_theme_fonts=\u00a0\u00bbyes\u00a0\u00bb][vc_empty_space height=\u00a0\u00bb10px\u00a0\u00bb][vc_separator color=\u00a0\u00bbcustom\u00a0\u00bb align=\u00a0\u00bbcenter\u00a0\u00bb border_width=\u00a0\u00bb4&Prime; custom_sparator_width=\u00a0\u00bb155px\u00a0\u00bb accent_color=\u00a0\u00bb#ec6f06&Prime;][vc_empty_space height=\u00a0\u00bb20px\u00a0\u00bb][vc_column_text]<\/p>\n<p style=\"text-align: justify;\">Recr\u00e9ation du monde adulte. Ce jeu <strong>permet \u00e0 l&rsquo;enfant de s&rsquo;adapter<\/strong> et de se positionner activement dans le monde. Tout d&rsquo;abord, il <strong>agira par l\u00b4imitation<\/strong> et apr\u00e8s il recr\u00e9era la r\u00e9alit\u00e9 ext\u00e9rieure de leurs propres d\u00e9sirs, int\u00e9r\u00eats, capacit\u00e9s de recherche, peurs, etc.<\/p>\n<p>[\/vc_column_text][\/vc_column][vc_column offset=\u00a0\u00bbvc_col-lg-6 vc_col-md-6 vc_col-xs-12&Prime;][vc_single_image image=\u00a0\u00bb4354&Prime; img_size=\u00a0\u00bbfull\u00a0\u00bb alignment=\u00a0\u00bbcenter\u00a0\u00bb css_animation=\u00a0\u00bbright-to-left\u00a0\u00bb][\/vc_column][\/vc_row]<\/p>\n<\/div>","protected":false},"excerpt":{"rendered":"<p>[vc_row full_width=\u00a0\u00bbstretch_row\u00a0\u00bb bg_style=\u00a0\u00bbbg-effect-lg\u00a0\u00bb css=\u00a0\u00bb.vc_custom_1619887041105{padding-top: 55px !important;padding-bottom: 55px !important;background-color: #ec6f06 !important;}\u00a0\u00bb][vc_column][vc_custom_heading text=\u00a0\u00bbLes jeux\u00a0\u00bb font_container=\u00a0\u00bbtag:h1|text_align:center|color:%23ffffff\u00a0\u00bb use_theme_fonts=\u00a0\u00bbyes\u00a0\u00bb][\/vc_column][\/vc_row][vc_row css=\u00a0\u00bb.vc_custom_1452185617341{padding-top: 55px !important;}\u00a0\u00bb][vc_column offset=\u00a0\u00bbvc_col-lg-6 vc_col-md-6 vc_col-xs-12&Prime;][vc_custom_heading text=\u00a0\u00bbLe panier de tr\u00e9sors\u00a0\u00bb font_container=\u00a0\u00bbtag:h1|text_align:center\u00a0\u00bb use_theme_fonts=\u00a0\u00bbyes\u00a0\u00bb][vc_empty_space height=\u00a0\u00bb10px\u00a0\u00bb][vc_separator color=\u00a0\u00bbcustom\u00a0\u00bb align=\u00a0\u00bbcenter\u00a0\u00bb border_width=\u00a0\u00bb4&Prime; custom_sparator_width=\u00a0\u00bb155px\u00a0\u00bb accent_color=\u00a0\u00bb#ec6f06&Prime;][vc_empty_space height=\u00a0\u00bb20px\u00a0\u00bb][vc_column_text] C\u00b4est une source d&rsquo;exp\u00e9riences que le b\u00e9b\u00e9 (quand il peut s&rsquo;asseoir) collecte par les sens de leur propre initiative. Il se concentre, [&hellip;]<\/p>\n","protected":false},"author":3,"featured_media":0,"parent":3919,"menu_order":40,"comment_status":"closed","ping_status":"closed","template":"","meta":[],"yoast_head":"<!-- This site is optimized with the Yoast SEO plugin v20.2.1 - https:\/\/yoast.com\/wordpress\/plugins\/seo\/ -->\n<title>Les jeux | Acuarella<\/title>\n<meta name=\"description\" content=\"Llar d&#039;infants Guarder\u00edas Escola bressol a Matar\u00f3 i Barcelona\" \/>\n<meta name=\"robots\" content=\"index, follow, max-snippet:-1, max-image-preview:large, max-video-preview:-1\" \/>\n<link rel=\"canonical\" href=\"https:\/\/www.acuarella.eu\/fr\/projet\/les-jeux\/\" \/>\n<meta property=\"og:locale\" content=\"fr_FR\" \/>\n<meta property=\"og:type\" content=\"article\" \/>\n<meta property=\"og:title\" content=\"Les jeux | Acuarella\" \/>\n<meta property=\"og:description\" content=\"Llar d&#039;infants Guarder\u00edas Escola bressol a Matar\u00f3 i Barcelona\" \/>\n<meta property=\"og:url\" content=\"https:\/\/www.acuarella.eu\/fr\/projet\/les-jeux\/\" \/>\n<meta property=\"og:site_name\" content=\"Acuarella\" \/>\n<meta property=\"article:publisher\" content=\"https:\/\/www.facebook.com\/acuarellainfants\/\" \/>\n<meta property=\"article:modified_time\" content=\"2021-05-02T17:50:56+00:00\" \/>\n<meta name=\"twitter:card\" content=\"summary_large_image\" \/>\n<meta name=\"twitter:site\" content=\"@AcuarellaLLI\" \/>\n<meta name=\"twitter:label1\" content=\"Dur\u00e9e de lecture estim\u00e9e\" \/>\n\t<meta name=\"twitter:data1\" content=\"3 minutes\" \/>\n<script type=\"application\/ld+json\" class=\"yoast-schema-graph\">{\"@context\":\"https:\/\/schema.org\",\"@graph\":[{\"@type\":\"WebPage\",\"@id\":\"https:\/\/www.acuarella.eu\/fr\/projet\/les-jeux\/\",\"url\":\"https:\/\/www.acuarella.eu\/fr\/projet\/les-jeux\/\",\"name\":\"Les jeux | Acuarella\",\"isPartOf\":{\"@id\":\"https:\/\/www.acuarella.eu\/fr\/#website\"},\"datePublished\":\"2017-05-22T08:31:26+00:00\",\"dateModified\":\"2021-05-02T17:50:56+00:00\",\"description\":\"Llar d'infants Guarder\u00edas Escola bressol a Matar\u00f3 i Barcelona\",\"breadcrumb\":{\"@id\":\"https:\/\/www.acuarella.eu\/fr\/projet\/les-jeux\/#breadcrumb\"},\"inLanguage\":\"fr-FR\",\"potentialAction\":[{\"@type\":\"ReadAction\",\"target\":[\"https:\/\/www.acuarella.eu\/fr\/projet\/les-jeux\/\"]}]},{\"@type\":\"BreadcrumbList\",\"@id\":\"https:\/\/www.acuarella.eu\/fr\/projet\/les-jeux\/#breadcrumb\",\"itemListElement\":[{\"@type\":\"ListItem\",\"position\":1,\"name\":\"Portada\",\"item\":\"https:\/\/www.acuarella.eu\/fr\/\"},{\"@type\":\"ListItem\",\"position\":2,\"name\":\"Projet\",\"item\":\"https:\/\/www.acuarella.eu\/fr\/projet\/\"},{\"@type\":\"ListItem\",\"position\":3,\"name\":\"Les jeux\"}]},{\"@type\":\"WebSite\",\"@id\":\"https:\/\/www.acuarella.eu\/fr\/#website\",\"url\":\"https:\/\/www.acuarella.eu\/fr\/\",\"name\":\"Llars d'infants Acuarella\",\"description\":\"Escuela infantil en Barcelona\",\"publisher\":{\"@id\":\"https:\/\/www.acuarella.eu\/fr\/#organization\"},\"potentialAction\":[{\"@type\":\"SearchAction\",\"target\":{\"@type\":\"EntryPoint\",\"urlTemplate\":\"https:\/\/www.acuarella.eu\/fr\/?s={search_term_string}\"},\"query-input\":\"required name=search_term_string\"}],\"inLanguage\":\"fr-FR\"},{\"@type\":\"Organization\",\"@id\":\"https:\/\/www.acuarella.eu\/fr\/#organization\",\"name\":\"Acuarella\",\"url\":\"https:\/\/www.acuarella.eu\/fr\/\",\"logo\":{\"@type\":\"ImageObject\",\"inLanguage\":\"fr-FR\",\"@id\":\"https:\/\/www.acuarella.eu\/fr\/#\/schema\/logo\/image\/\",\"url\":\"https:\/\/www.acuarella.eu\/wp-content\/uploads\/revslider\/Navidad2018\/logo_500px.png\",\"contentUrl\":\"https:\/\/www.acuarella.eu\/wp-content\/uploads\/revslider\/Navidad2018\/logo_500px.png\",\"width\":500,\"height\":207,\"caption\":\"Acuarella\"},\"image\":{\"@id\":\"https:\/\/www.acuarella.eu\/fr\/#\/schema\/logo\/image\/\"},\"sameAs\":[\"https:\/\/www.facebook.com\/acuarellainfants\/\",\"https:\/\/twitter.com\/AcuarellaLLI\",\"https:\/\/www.instagram.com\/acuarella_llars\/\",\"https:\/\/www.linkedin.com\/company\/11481738\/admin\/\"]}]}<\/script>\n<!-- \/ Yoast SEO plugin. -->","yoast_head_json":{"title":"Les jeux | Acuarella","description":"Llar d'infants Guarder\u00edas Escola bressol a Matar\u00f3 i Barcelona","robots":{"index":"index","follow":"follow","max-snippet":"max-snippet:-1","max-image-preview":"max-image-preview:large","max-video-preview":"max-video-preview:-1"},"canonical":"https:\/\/www.acuarella.eu\/fr\/projet\/les-jeux\/","og_locale":"fr_FR","og_type":"article","og_title":"Les jeux | Acuarella","og_description":"Llar d'infants Guarder\u00edas Escola bressol a Matar\u00f3 i Barcelona","og_url":"https:\/\/www.acuarella.eu\/fr\/projet\/les-jeux\/","og_site_name":"Acuarella","article_publisher":"https:\/\/www.facebook.com\/acuarellainfants\/","article_modified_time":"2021-05-02T17:50:56+00:00","twitter_card":"summary_large_image","twitter_site":"@AcuarellaLLI","twitter_misc":{"Dur\u00e9e de lecture estim\u00e9e":"3 minutes"},"schema":{"@context":"https:\/\/schema.org","@graph":[{"@type":"WebPage","@id":"https:\/\/www.acuarella.eu\/fr\/projet\/les-jeux\/","url":"https:\/\/www.acuarella.eu\/fr\/projet\/les-jeux\/","name":"Les jeux | Acuarella","isPartOf":{"@id":"https:\/\/www.acuarella.eu\/fr\/#website"},"datePublished":"2017-05-22T08:31:26+00:00","dateModified":"2021-05-02T17:50:56+00:00","description":"Llar d'infants Guarder\u00edas Escola bressol a Matar\u00f3 i Barcelona","breadcrumb":{"@id":"https:\/\/www.acuarella.eu\/fr\/projet\/les-jeux\/#breadcrumb"},"inLanguage":"fr-FR","potentialAction":[{"@type":"ReadAction","target":["https:\/\/www.acuarella.eu\/fr\/projet\/les-jeux\/"]}]},{"@type":"BreadcrumbList","@id":"https:\/\/www.acuarella.eu\/fr\/projet\/les-jeux\/#breadcrumb","itemListElement":[{"@type":"ListItem","position":1,"name":"Portada","item":"https:\/\/www.acuarella.eu\/fr\/"},{"@type":"ListItem","position":2,"name":"Projet","item":"https:\/\/www.acuarella.eu\/fr\/projet\/"},{"@type":"ListItem","position":3,"name":"Les jeux"}]},{"@type":"WebSite","@id":"https:\/\/www.acuarella.eu\/fr\/#website","url":"https:\/\/www.acuarella.eu\/fr\/","name":"Llars d'infants Acuarella","description":"Escuela infantil en Barcelona","publisher":{"@id":"https:\/\/www.acuarella.eu\/fr\/#organization"},"potentialAction":[{"@type":"SearchAction","target":{"@type":"EntryPoint","urlTemplate":"https:\/\/www.acuarella.eu\/fr\/?s={search_term_string}"},"query-input":"required name=search_term_string"}],"inLanguage":"fr-FR"},{"@type":"Organization","@id":"https:\/\/www.acuarella.eu\/fr\/#organization","name":"Acuarella","url":"https:\/\/www.acuarella.eu\/fr\/","logo":{"@type":"ImageObject","inLanguage":"fr-FR","@id":"https:\/\/www.acuarella.eu\/fr\/#\/schema\/logo\/image\/","url":"https:\/\/www.acuarella.eu\/wp-content\/uploads\/revslider\/Navidad2018\/logo_500px.png","contentUrl":"https:\/\/www.acuarella.eu\/wp-content\/uploads\/revslider\/Navidad2018\/logo_500px.png","width":500,"height":207,"caption":"Acuarella"},"image":{"@id":"https:\/\/www.acuarella.eu\/fr\/#\/schema\/logo\/image\/"},"sameAs":["https:\/\/www.facebook.com\/acuarellainfants\/","https:\/\/twitter.com\/AcuarellaLLI","https:\/\/www.instagram.com\/acuarella_llars\/","https:\/\/www.linkedin.com\/company\/11481738\/admin\/"]}]}},"_links":{"self":[{"href":"https:\/\/www.acuarella.eu\/fr\/wp-json\/wp\/v2\/pages\/3930"}],"collection":[{"href":"https:\/\/www.acuarella.eu\/fr\/wp-json\/wp\/v2\/pages"}],"about":[{"href":"https:\/\/www.acuarella.eu\/fr\/wp-json\/wp\/v2\/types\/page"}],"author":[{"embeddable":true,"href":"https:\/\/www.acuarella.eu\/fr\/wp-json\/wp\/v2\/users\/3"}],"replies":[{"embeddable":true,"href":"https:\/\/www.acuarella.eu\/fr\/wp-json\/wp\/v2\/comments?post=3930"}],"version-history":[{"count":23,"href":"https:\/\/www.acuarella.eu\/fr\/wp-json\/wp\/v2\/pages\/3930\/revisions"}],"predecessor-version":[{"id":7834,"href":"https:\/\/www.acuarella.eu\/fr\/wp-json\/wp\/v2\/pages\/3930\/revisions\/7834"}],"up":[{"embeddable":true,"href":"https:\/\/www.acuarella.eu\/fr\/wp-json\/wp\/v2\/pages\/3919"}],"wp:attachment":[{"href":"https:\/\/www.acuarella.eu\/fr\/wp-json\/wp\/v2\/media?parent=3930"}],"curies":[{"name":"wp","href":"https:\/\/api.w.org\/{rel}","templated":true}]}}